{"id":1873,"date":"2023-10-04T17:18:02","date_gmt":"2023-10-04T15:18:02","guid":{"rendered":"https:\/\/www.anett.fr\/?page_id=1873"},"modified":"2024-02-29T16:28:57","modified_gmt":"2024-02-29T15:28:57","slug":"le-service-client-notre-priorite","status":"publish","type":"page","link":"https:\/\/www.anett.fr\/index.php\/decouvrir-anett\/le-service-client-notre-priorite\/","title":{"rendered":"Le service client, notre priorit\u00e9"},"content":{"rendered":"\n<h2>\n\t\tNotre vision de la relation client\n\t<\/h2>\n\t\t\t\t<img loading=\"lazy\" decoding=\"async\" src=\"https:\/\/www.anett.fr\/wp-content\/uploads\/2023\/05\/etoile.png\" alt=\"etoile\" itemprop=\"image\" height=\"222\" width=\"236\" title=\"etoile\" onerror=\"this.style.display='none'\"  \/>\n<h2>\n\t\t\u00a0Notre vraie nature\n\t<\/h2>\n<h2>\n\t\tNotre raison d&rsquo;\u00eatre au quotidien\n\t<\/h2>\n\t<p><strong>Entreprise familiale<\/strong> profond\u00e9ment engag\u00e9e dans l&rsquo;\u00e9coute de nos clients, nous pla\u00e7ons leur satisfaction au c\u0153ur de tout ce que nous faisons.<\/p>\n<p>Chez Anett, nous comprenons que <strong>chaque client est unique<\/strong>, avec des besoins sp\u00e9cifiques.<\/p>\n<p>Notre <strong>vision de la relation client<\/strong> repose sur l&rsquo;id\u00e9e que tous les membres de notre communaut\u00e9 de travail sont tourn\u00e9s vers le client. Cela signifie que chaque collaborateur, \u00e0 tous les niveaux de l&rsquo;entreprise, est engag\u00e9 dans la <strong>satisfaction du client<\/strong>.<\/p>\n\t<p><strong>La fid\u00e9lit\u00e9 et l&rsquo;engagement<\/strong> de nos collaborateurs est un pilier essentiel. Lorsque vous choisissez Anett, vous b\u00e9n\u00e9ficiez de l&rsquo;exp\u00e9rience accumul\u00e9e au fil des ann\u00e9es.<\/p>\n<p>L&rsquo;\u00e9volution interne et la mont\u00e9e en comp\u00e9tence continue de nos collaborateurs sont soutenues par notre <strong>organisme de formation interne <\/strong>: Form&rsquo;Anett.<\/p>\n<p>Notre engagement dans l&rsquo;excellence de la relation client vous garantit de choisir le <strong>meilleur partenaire<\/strong> pour r\u00e9pondre \u00e0 vos besoins en <strong>location et entretien de textiles<\/strong>.<\/p>\n<h2>\n\t\tAnett un partenaire \u00e0 votre  \u00e9coute\n\t<\/h2>\n<h2>\n\t\tPlus qu&rsquo;un prestataire, un partenaire de confiance\n\t<\/h2>\n\tNotre relation avec nos clients va bien au-del\u00e0 de la fourniture de services de location et d&rsquo;entretien de textiles pour professionnels.<br \/>\nNous nous engageons \u00e0 comprendre vos objectifs, \u00e0 anticiper vos d\u00e9fis et \u00e0 travailler en collaboration avec vous<br \/>\npour construire la solution adapt\u00e9e \u00e0 votre attente. Anett, c&rsquo;est l&rsquo;assurance d&rsquo;une \u00e9quipe d\u00e9di\u00e9e, exp\u00e9riment\u00e9e et passionn\u00e9e<br \/>\npar la satisfaction de ses clients. Notre engagement envers notre excellence op\u00e9rationnelle et notre excellence relationnelle<br \/>\nrenforce notre position de partenaire incontournable dans votre secteur d&rsquo;activit\u00e9.\n<p><strong>Nous consid\u00e9rons nos clients comme des partenaires. <\/strong><\/p>\nCette approche guide chacune de nos actions. Ensemble, nous construisons des relations durables et fructueuses,<br \/>\ncar chez Anett, nous sommes convaincus que votre succ\u00e8s est un v\u00e9ritable partage de la valeur ajout\u00e9e.\n<h2>\n\t\tUne relation client diff\u00e9rente\n\t<\/h2>\n<h2>\n\t\tAnett se distingue par une approche client, fond\u00e9e sur un processus en trois phases bien d\u00e9finies :\n\t<\/h2>\n\t\t\t\t<img loading=\"lazy\" decoding=\"async\" src=\"https:\/\/www.anett.fr\/wp-content\/uploads\/2023\/05\/1.png\" alt=\"1\" itemprop=\"image\" height=\"290\" width=\"290\" title=\"1\" onerror=\"this.style.display='none'\"  \/>\n\t\t\t\t<img loading=\"lazy\" decoding=\"async\" src=\"https:\/\/www.anett.fr\/wp-content\/uploads\/2023\/05\/etape-1.png\" alt=\"etape-1\" itemprop=\"image\" height=\"64\" width=\"309\" title=\"etape-1\" onerror=\"this.style.display='none'\"  \/>\n\t\t\t\t<img loading=\"lazy\" decoding=\"async\" src=\"https:\/\/www.anett.fr\/wp-content\/uploads\/2023\/05\/2.png\" alt=\"2\" itemprop=\"image\" height=\"290\" width=\"290\" title=\"2\" onerror=\"this.style.display='none'\"  \/>\n\t\t\t\t<img loading=\"lazy\" decoding=\"async\" src=\"https:\/\/www.anett.fr\/wp-content\/uploads\/2023\/05\/etape-1.png\" alt=\"etape-1\" itemprop=\"image\" height=\"64\" width=\"309\" title=\"etape-1\" onerror=\"this.style.display='none'\"  \/>\n\t\t\t\t<img loading=\"lazy\" decoding=\"async\" src=\"https:\/\/www.anett.fr\/wp-content\/uploads\/2023\/05\/3.png\" alt=\"3\" itemprop=\"image\" height=\"290\" width=\"290\" title=\"3\" onerror=\"this.style.display='none'\"  \/>\n\t\t\t\t\t\t<h5>Vous conna\u00eetre<\/h5>\n<p>Conna\u00eetre ses clients pour une expertise d\u00e8s le premier contact. Cette phase commence par un audit diagnostic approfondi, permettant de comprendre les besoins, les attentes et les objectifs sp\u00e9cifiques de chaque client et de chaque utilisateur. La satisfaction client est au c\u0153ur de cette \u00e9tape initiale, et c&rsquo;est pourquoi Anett investit du temps et des ressources pour bien comprendre les enjeux d\u00e8s le d\u00e9part. La transparence est essentielle \u00e0 ce stade, et Anett s&rsquo;engage \u00e0 ne faire aucune fausse promesse.<\/p>\n\t\t\t\t\t\t<h5>Vous conseiller<\/h5>\n<p>Forte de l&rsquo;expertise de ses collaborateurs et de leur exp\u00e9rience, Anett s&rsquo;engage \u00e0 offrir un service de conseil de qualit\u00e9 \u00e0 ses clients. L&rsquo;anciennet\u00e9 de notre \u00e9quipe ainsi que la formation continue, par notre organisme Form&rsquo;Anett, pour 100% de nos collaborateurs garantit une connaissance approfondie et sp\u00e9cifique de chaque client. Aujourd&rsquo;hui 80% de notre \u00e9quipe commerciale est d\u00e9di\u00e9 \u00e0 l&rsquo;\u00e9coute client. Cette phase vise \u00e0 instaurer une relation de confiance solide et \u00e0 fournir des conseils \u00e9clair\u00e9s.<\/p>\n\u00a0\n\t\t\t\t\t\t<h5>Vous accompagner<\/h5>\n<p>Anett se d\u00e9marque \u00e9galement par sa capacit\u00e9 \u00e0 accompagner ses clients tout au long de leur parcours. Cela se fait par la transparence de l&rsquo;information. Anett met en place une organisation fluide et solide entre les interlocuteurs au sein de l&rsquo;entreprise et les clients. Chaque client b\u00e9n\u00e9ficie d&rsquo;un interlocuteur d\u00e9di\u00e9, ce qui nous permet d&rsquo;\u00e9couter 100% de nos clients, gr\u00e2ce \u00e0 une \u00e9coute proactive qui garantit nos engagements. Notre accompagnement renforce la relation client. Cette collaboration efficace se traduit par une anciennet\u00e9 client moyenne de plus de 12 ans.<\/p>\n\t<strong>En r\u00e9sum\u00e9, Anett se distingue par son engagement envers la satisfaction client d\u00e8s la phase de d\u00e9couverte,<br \/>\nson expertise et son conseil personnalis\u00e9 gr\u00e2ce \u00e0 ses collaborateurs exp\u00e9riment\u00e9s<br \/>\net son accompagnement transparent et flexible tout au long de la collaboration.<br \/>\nLa fid\u00e9lit\u00e9 des collaborateurs est au service d&rsquo;une relation client durable.<\/strong>\n<h2>\n\t\tNos clients parlent de nous ! \n\t<\/h2>\n\t<meta itemscope itemprop=\"mainEntityOfPage\" itemtype=\"https:\/\/schema.org\/WebPage\" itemid=\"https:\/\/www.anett.fr\/temoignage\/temoignage-2\/\" content=\"T\u00e9moignage 2\" \/><meta itemprop=\"datePublished\" content=\"2023-10-31\" \/><meta itemprop=\"dateModified\" content=\"2024-02-27\" \/><meta itemprop=\"name\" content=\"Anett\"\/><meta itemprop=\"url\" content=\"https:\/\/www.anett.fr\/author\/maelyss\/\" \/><meta itemprop=\"name\" content=\"Maelyss Berteaud\" \/><meta itemprop=\"interactionType\" content=\"https:\/\/schema.org\/CommentAction\" \/><meta itemprop=\"userInteractionCount\" content=\"0\" \/>\n    \t<img decoding=\"async\" src=\"https:\/\/www.anett.fr\/wp-content\/uploads\/2024\/02\/5-etoiles-anett.png\" title=\"5-etoiles-anett\" \/>\n    \t<p>\u00c9quipe r\u00e9active et \u00e0 l&#8217;\u00e9coute. Lorsqu&#8217;il y a des anomalies, ils font le n\u00e9cessaire rapidement.<\/p>\n    \tAgroalimentaire\n\t<meta itemscope itemprop=\"mainEntityOfPage\" itemtype=\"https:\/\/schema.org\/WebPage\" itemid=\"https:\/\/www.anett.fr\/temoignage\/temoignage-20\/\" content=\"T\u00e9moignage 20\" \/><meta itemprop=\"datePublished\" content=\"2023-10-19\" \/><meta itemprop=\"dateModified\" content=\"2024-02-27\" \/><meta itemprop=\"name\" content=\"Anett\"\/><meta itemprop=\"url\" content=\"https:\/\/www.anett.fr\/author\/maelyss\/\" \/><meta itemprop=\"name\" content=\"Maelyss Berteaud\" \/><meta itemprop=\"interactionType\" content=\"https:\/\/schema.org\/CommentAction\" \/><meta itemprop=\"userInteractionCount\" content=\"0\" \/>\n    \t<img decoding=\"async\" src=\"https:\/\/www.anett.fr\/wp-content\/uploads\/2024\/02\/5-etoiles-anett.png\" title=\"5-etoiles-anett\" \/>\n    \t<p>Nous sommes tr\u00e8s satisfaits de la prestation dans l&#8217;ensemble. Les contacts avec nos diff\u00e9rents interlocuteurs, nous permettent une fluidit\u00e9 dans l&#8217;\u00e9change et une relation de confiance.<\/p>\n    \tSant\u00e9\n\t<meta itemscope itemprop=\"mainEntityOfPage\" itemtype=\"https:\/\/schema.org\/WebPage\" itemid=\"https:\/\/www.anett.fr\/temoignage\/temoignage-19\/\" content=\"T\u00e9moignage 19\" \/><meta itemprop=\"datePublished\" content=\"2023-10-19\" \/><meta itemprop=\"dateModified\" content=\"2024-02-27\" \/><meta itemprop=\"name\" content=\"Anett\"\/><meta itemprop=\"url\" content=\"https:\/\/www.anett.fr\/author\/maelyss\/\" \/><meta itemprop=\"name\" content=\"Maelyss Berteaud\" \/><meta itemprop=\"interactionType\" content=\"https:\/\/schema.org\/CommentAction\" \/><meta itemprop=\"userInteractionCount\" content=\"0\" \/>\n    \t<img decoding=\"async\" src=\"https:\/\/www.anett.fr\/wp-content\/uploads\/2024\/02\/5-etoiles-anett.png\" title=\"5-etoiles-anett\" \/>\n    \t<p>La relation client est l&#8217;un des points forts d&#8217;Anett, ce qui se ressent dans la qualit\u00e9 des \u00e9changes avec le service client et commercial.<\/p>\n    \tSant\u00e9\n\t<meta itemscope itemprop=\"mainEntityOfPage\" itemtype=\"https:\/\/schema.org\/WebPage\" itemid=\"https:\/\/www.anett.fr\/temoignage\/temoignage-18\/\" content=\"T\u00e9moignage 18\" \/><meta itemprop=\"datePublished\" content=\"2023-10-19\" \/><meta itemprop=\"dateModified\" content=\"2024-02-27\" \/><meta itemprop=\"name\" content=\"Anett\"\/><meta itemprop=\"url\" content=\"https:\/\/www.anett.fr\/author\/maelyss\/\" \/><meta itemprop=\"name\" content=\"Maelyss Berteaud\" \/><meta itemprop=\"interactionType\" content=\"https:\/\/schema.org\/CommentAction\" \/><meta itemprop=\"userInteractionCount\" content=\"0\" \/>\n    \t<img decoding=\"async\" src=\"https:\/\/www.anett.fr\/wp-content\/uploads\/2024\/02\/5-etoiles-anett.png\" title=\"5-etoiles-anett\" \/>\n    \t<p>Anett c&#8217;est une entreprise d&#8217;origine familiale qui a grandi, qui a eu raison de se diversifier dans le sanitaire, le social, qui sait r\u00e9pondre \u00e0 des demandes particuli\u00e8res, avec des valeurs sociales et environnementales. Les choses sont g\u00e9r\u00e9es rapidement et avec souplesse.<\/p>\n    \tSant\u00e9\n\t<meta itemscope itemprop=\"mainEntityOfPage\" itemtype=\"https:\/\/schema.org\/WebPage\" itemid=\"https:\/\/www.anett.fr\/temoignage\/temoignage-17\/\" content=\"T\u00e9moignage 17\" \/><meta itemprop=\"datePublished\" content=\"2023-10-19\" \/><meta itemprop=\"dateModified\" content=\"2024-02-27\" \/><meta itemprop=\"name\" content=\"Anett\"\/><meta itemprop=\"url\" content=\"https:\/\/www.anett.fr\/author\/maelyss\/\" \/><meta itemprop=\"name\" content=\"Maelyss Berteaud\" \/><meta itemprop=\"interactionType\" content=\"https:\/\/schema.org\/CommentAction\" \/><meta itemprop=\"userInteractionCount\" content=\"0\" \/>\n    \t<img decoding=\"async\" src=\"https:\/\/www.anett.fr\/wp-content\/uploads\/2024\/02\/5-etoiles-anett.png\" title=\"5-etoiles-anett\" \/>\n    \t<p>Entreprise familiale comme la n\u00f4tre, Anett sait r\u00e9pondre \u00e0 nos demandes. Nous recommandons Anett en toute confiance et nous donnons une mention sp\u00e9ciale au chauffeur qui est au top.<\/p>\n    \tM\u00e9tiers de bouche\n\t<meta itemscope itemprop=\"mainEntityOfPage\" itemtype=\"https:\/\/schema.org\/WebPage\" itemid=\"https:\/\/www.anett.fr\/temoignage\/temoignage-16\/\" content=\"T\u00e9moignage 16\" \/><meta itemprop=\"datePublished\" content=\"2023-10-19\" \/><meta itemprop=\"dateModified\" content=\"2024-02-27\" \/><meta itemprop=\"name\" content=\"Anett\"\/><meta itemprop=\"url\" content=\"https:\/\/www.anett.fr\/author\/maelyss\/\" \/><meta itemprop=\"name\" content=\"Maelyss Berteaud\" \/><meta itemprop=\"interactionType\" content=\"https:\/\/schema.org\/CommentAction\" \/><meta itemprop=\"userInteractionCount\" content=\"0\" \/>\n    \t<img decoding=\"async\" src=\"https:\/\/www.anett.fr\/wp-content\/uploads\/2024\/02\/5-etoiles-anett.png\" title=\"5-etoiles-anett\" \/>\n    \t<p>Nous avons de tr\u00e8s bonnes relations avec les diff\u00e9rents interlocuteurs et nous appr\u00e9cions la r\u00e9activit\u00e9 du service client, qui est primordiale pour notre secteur d&#8217;activit\u00e9. L&#8217;\u00e9coute, la transparence et la proximit\u00e9 sont des valeurs que nous partageons.<\/p>\n    \tM\u00e9tiers de bouche\n\n","protected":false},"excerpt":{"rendered":"<p>Notre vision de la relation client \u00a0Notre vraie nature Notre raison d&rsquo;\u00eatre au quotidien Entreprise familiale profond\u00e9ment engag\u00e9e dans l&rsquo;\u00e9coute de nos clients, nous pla\u00e7ons leur satisfaction au c\u0153ur de tout ce que nous faisons. Chez Anett, nous comprenons que chaque client est unique, avec des besoins sp\u00e9cifiques. Notre vision de la relation client repose&hellip;<\/p>\n","protected":false},"author":5,"featured_media":0,"parent":600,"menu_order":2,"comment_status":"closed","ping_status":"closed","template":"","meta":{"footnotes":""},"class_list":["post-1873","page","type-page","status-publish","hentry"],"yoast_head":"<!-- This site is optimized with the Yoast SEO plugin v27.5 - https:\/\/yoast.com\/product\/yoast-seo-wordpress\/ -->\n<title>Le service client, notre priorit\u00e9 - Anett<\/title>\n<meta name=\"description\" content=\"Anett c\u2019est l\u2019alternative \u00e0 taille humaine, reconnue pour la qualit\u00e9 de son service client et de ses engagements. Anett est guid\u00e9e par sa recherche d\u2019excellence dans la relation client pour mieux vous servir.\" \/>\n<meta name=\"robots\" content=\"index, follow, max-snippet:-1, max-image-preview:large, max-video-preview:-1\" \/>\n<link rel=\"canonical\" href=\"https:\/\/www.anett.fr\/index.php\/decouvrir-anett\/le-service-client-notre-priorite\/\" \/>\n<meta property=\"og:locale\" content=\"fr_FR\" \/>\n<meta property=\"og:type\" content=\"article\" \/>\n<meta property=\"og:title\" content=\"Le service client, notre priorit\u00e9 - Anett\" \/>\n<meta property=\"og:description\" content=\"Anett c\u2019est l\u2019alternative \u00e0 taille humaine, reconnue pour la qualit\u00e9 de son service client et de ses engagements. Anett est guid\u00e9e par sa recherche d\u2019excellence dans la relation client pour mieux vous servir.\" \/>\n<meta property=\"og:url\" content=\"https:\/\/www.anett.fr\/index.php\/decouvrir-anett\/le-service-client-notre-priorite\/\" \/>\n<meta property=\"og:site_name\" content=\"Anett\" \/>\n<meta property=\"article:publisher\" content=\"https:\/\/www.facebook.com\/profile.php?id=100065673331976\" \/>\n<meta property=\"article:modified_time\" content=\"2024-02-29T15:28:57+00:00\" \/>\n<meta property=\"og:image\" content=\"https:\/\/www.anett.fr\/wp-content\/uploads\/2023\/05\/etoile.png\" \/>\n<meta name=\"twitter:card\" content=\"summary_large_image\" \/>\n<meta name=\"twitter:label1\" content=\"Dur\u00e9e de lecture estim\u00e9e\" \/>\n\t<meta name=\"twitter:data1\" content=\"7 minutes\" \/>\n<script type=\"application\/ld+json\" class=\"yoast-schema-graph\">{\"@context\":\"https:\\\/\\\/schema.org\",\"@graph\":[{\"@type\":\"WebPage\",\"@id\":\"https:\\\/\\\/www.anett.fr\\\/index.php\\\/decouvrir-anett\\\/le-service-client-notre-priorite\\\/\",\"url\":\"https:\\\/\\\/www.anett.fr\\\/index.php\\\/decouvrir-anett\\\/le-service-client-notre-priorite\\\/\",\"name\":\"Le service client, notre priorit\u00e9 - Anett\",\"isPartOf\":{\"@id\":\"https:\\\/\\\/www.anett.fr\\\/index.php\\\/#website\"},\"primaryImageOfPage\":{\"@id\":\"https:\\\/\\\/www.anett.fr\\\/index.php\\\/decouvrir-anett\\\/le-service-client-notre-priorite\\\/#primaryimage\"},\"image\":{\"@id\":\"https:\\\/\\\/www.anett.fr\\\/index.php\\\/decouvrir-anett\\\/le-service-client-notre-priorite\\\/#primaryimage\"},\"thumbnailUrl\":\"https:\\\/\\\/www.anett.fr\\\/wp-content\\\/uploads\\\/2023\\\/05\\\/etoile.png\",\"datePublished\":\"2023-10-04T15:18:02+00:00\",\"dateModified\":\"2024-02-29T15:28:57+00:00\",\"description\":\"Anett c\u2019est l\u2019alternative \u00e0 taille humaine, reconnue pour la qualit\u00e9 de son service client et de ses engagements. Anett est guid\u00e9e par sa recherche d\u2019excellence dans la relation client pour mieux vous servir.\",\"breadcrumb\":{\"@id\":\"https:\\\/\\\/www.anett.fr\\\/index.php\\\/decouvrir-anett\\\/le-service-client-notre-priorite\\\/#breadcrumb\"},\"inLanguage\":\"fr-FR\",\"potentialAction\":[{\"@type\":\"ReadAction\",\"target\":[\"https:\\\/\\\/www.anett.fr\\\/index.php\\\/decouvrir-anett\\\/le-service-client-notre-priorite\\\/\"]}]},{\"@type\":\"ImageObject\",\"inLanguage\":\"fr-FR\",\"@id\":\"https:\\\/\\\/www.anett.fr\\\/index.php\\\/decouvrir-anett\\\/le-service-client-notre-priorite\\\/#primaryimage\",\"url\":\"https:\\\/\\\/www.anett.fr\\\/wp-content\\\/uploads\\\/2023\\\/05\\\/etoile.png\",\"contentUrl\":\"https:\\\/\\\/www.anett.fr\\\/wp-content\\\/uploads\\\/2023\\\/05\\\/etoile.png\"},{\"@type\":\"BreadcrumbList\",\"@id\":\"https:\\\/\\\/www.anett.fr\\\/index.php\\\/decouvrir-anett\\\/le-service-client-notre-priorite\\\/#breadcrumb\",\"itemListElement\":[{\"@type\":\"ListItem\",\"position\":1,\"name\":\"Accueil\",\"item\":\"https:\\\/\\\/www.anett.fr\\\/index.php\\\/\"},{\"@type\":\"ListItem\",\"position\":2,\"name\":\"D\u00e9couvrir Anett\",\"item\":\"https:\\\/\\\/www.anett.fr\\\/index.php\\\/decouvrir-anett\\\/\"},{\"@type\":\"ListItem\",\"position\":3,\"name\":\"Le service client, notre priorit\u00e9\"}]},{\"@type\":\"WebSite\",\"@id\":\"https:\\\/\\\/www.anett.fr\\\/index.php\\\/#website\",\"url\":\"https:\\\/\\\/www.anett.fr\\\/index.php\\\/\",\"name\":\"Anett\",\"description\":\"Nous portons chaque jour les valeurs de notre engagement\",\"publisher\":{\"@id\":\"https:\\\/\\\/www.anett.fr\\\/index.php\\\/#organization\"},\"alternateName\":\"Anett, Diff\u00e9rents par Nature\",\"potentialAction\":[{\"@type\":\"SearchAction\",\"target\":{\"@type\":\"EntryPoint\",\"urlTemplate\":\"https:\\\/\\\/www.anett.fr\\\/index.php\\\/?s={search_term_string}\"},\"query-input\":{\"@type\":\"PropertyValueSpecification\",\"valueRequired\":true,\"valueName\":\"search_term_string\"}}],\"inLanguage\":\"fr-FR\"},{\"@type\":\"Organization\",\"@id\":\"https:\\\/\\\/www.anett.fr\\\/index.php\\\/#organization\",\"name\":\"Anett\",\"alternateName\":\"Anett, Diff\u00e9rents par Nature\",\"url\":\"https:\\\/\\\/www.anett.fr\\\/index.php\\\/\",\"logo\":{\"@type\":\"ImageObject\",\"inLanguage\":\"fr-FR\",\"@id\":\"https:\\\/\\\/www.anett.fr\\\/index.php\\\/#\\\/schema\\\/logo\\\/image\\\/\",\"url\":\"https:\\\/\\\/www.anett.fr\\\/wp-content\\\/uploads\\\/2024\\\/02\\\/logo-anett-2024.png\",\"contentUrl\":\"https:\\\/\\\/www.anett.fr\\\/wp-content\\\/uploads\\\/2024\\\/02\\\/logo-anett-2024.png\",\"width\":696,\"height\":696,\"caption\":\"Anett\"},\"image\":{\"@id\":\"https:\\\/\\\/www.anett.fr\\\/index.php\\\/#\\\/schema\\\/logo\\\/image\\\/\"},\"sameAs\":[\"https:\\\/\\\/www.facebook.com\\\/profile.php?id=100065673331976\",\"https:\\\/\\\/www.linkedin.com\\\/company\\\/anett\\\/\"]}]}<\/script>\n<!-- \/ Yoast SEO plugin. -->","yoast_head_json":{"title":"Le service client, notre priorit\u00e9 - Anett","description":"Anett c\u2019est l\u2019alternative \u00e0 taille humaine, reconnue pour la qualit\u00e9 de son service client et de ses engagements. Anett est guid\u00e9e par sa recherche d\u2019excellence dans la relation client pour mieux vous servir.","robots":{"index":"index","follow":"follow","max-snippet":"max-snippet:-1","max-image-preview":"max-image-preview:large","max-video-preview":"max-video-preview:-1"},"canonical":"https:\/\/www.anett.fr\/index.php\/decouvrir-anett\/le-service-client-notre-priorite\/","og_locale":"fr_FR","og_type":"article","og_title":"Le service client, notre priorit\u00e9 - Anett","og_description":"Anett c\u2019est l\u2019alternative \u00e0 taille humaine, reconnue pour la qualit\u00e9 de son service client et de ses engagements. Anett est guid\u00e9e par sa recherche d\u2019excellence dans la relation client pour mieux vous servir.","og_url":"https:\/\/www.anett.fr\/index.php\/decouvrir-anett\/le-service-client-notre-priorite\/","og_site_name":"Anett","article_publisher":"https:\/\/www.facebook.com\/profile.php?id=100065673331976","article_modified_time":"2024-02-29T15:28:57+00:00","og_image":[{"url":"https:\/\/www.anett.fr\/wp-content\/uploads\/2023\/05\/etoile.png","type":"","width":"","height":""}],"twitter_card":"summary_large_image","twitter_misc":{"Dur\u00e9e de lecture estim\u00e9e":"7 minutes"},"schema":{"@context":"https:\/\/schema.org","@graph":[{"@type":"WebPage","@id":"https:\/\/www.anett.fr\/index.php\/decouvrir-anett\/le-service-client-notre-priorite\/","url":"https:\/\/www.anett.fr\/index.php\/decouvrir-anett\/le-service-client-notre-priorite\/","name":"Le service client, notre priorit\u00e9 - Anett","isPartOf":{"@id":"https:\/\/www.anett.fr\/index.php\/#website"},"primaryImageOfPage":{"@id":"https:\/\/www.anett.fr\/index.php\/decouvrir-anett\/le-service-client-notre-priorite\/#primaryimage"},"image":{"@id":"https:\/\/www.anett.fr\/index.php\/decouvrir-anett\/le-service-client-notre-priorite\/#primaryimage"},"thumbnailUrl":"https:\/\/www.anett.fr\/wp-content\/uploads\/2023\/05\/etoile.png","datePublished":"2023-10-04T15:18:02+00:00","dateModified":"2024-02-29T15:28:57+00:00","description":"Anett c\u2019est l\u2019alternative \u00e0 taille humaine, reconnue pour la qualit\u00e9 de son service client et de ses engagements. Anett est guid\u00e9e par sa recherche d\u2019excellence dans la relation client pour mieux vous servir.","breadcrumb":{"@id":"https:\/\/www.anett.fr\/index.php\/decouvrir-anett\/le-service-client-notre-priorite\/#breadcrumb"},"inLanguage":"fr-FR","potentialAction":[{"@type":"ReadAction","target":["https:\/\/www.anett.fr\/index.php\/decouvrir-anett\/le-service-client-notre-priorite\/"]}]},{"@type":"ImageObject","inLanguage":"fr-FR","@id":"https:\/\/www.anett.fr\/index.php\/decouvrir-anett\/le-service-client-notre-priorite\/#primaryimage","url":"https:\/\/www.anett.fr\/wp-content\/uploads\/2023\/05\/etoile.png","contentUrl":"https:\/\/www.anett.fr\/wp-content\/uploads\/2023\/05\/etoile.png"},{"@type":"BreadcrumbList","@id":"https:\/\/www.anett.fr\/index.php\/decouvrir-anett\/le-service-client-notre-priorite\/#breadcrumb","itemListElement":[{"@type":"ListItem","position":1,"name":"Accueil","item":"https:\/\/www.anett.fr\/index.php\/"},{"@type":"ListItem","position":2,"name":"D\u00e9couvrir Anett","item":"https:\/\/www.anett.fr\/index.php\/decouvrir-anett\/"},{"@type":"ListItem","position":3,"name":"Le service client, notre priorit\u00e9"}]},{"@type":"WebSite","@id":"https:\/\/www.anett.fr\/index.php\/#website","url":"https:\/\/www.anett.fr\/index.php\/","name":"Anett","description":"Nous portons chaque jour les valeurs de notre engagement","publisher":{"@id":"https:\/\/www.anett.fr\/index.php\/#organization"},"alternateName":"Anett, Diff\u00e9rents par Nature","potentialAction":[{"@type":"SearchAction","target":{"@type":"EntryPoint","urlTemplate":"https:\/\/www.anett.fr\/index.php\/?s={search_term_string}"},"query-input":{"@type":"PropertyValueSpecification","valueRequired":true,"valueName":"search_term_string"}}],"inLanguage":"fr-FR"},{"@type":"Organization","@id":"https:\/\/www.anett.fr\/index.php\/#organization","name":"Anett","alternateName":"Anett, Diff\u00e9rents par Nature","url":"https:\/\/www.anett.fr\/index.php\/","logo":{"@type":"ImageObject","inLanguage":"fr-FR","@id":"https:\/\/www.anett.fr\/index.php\/#\/schema\/logo\/image\/","url":"https:\/\/www.anett.fr\/wp-content\/uploads\/2024\/02\/logo-anett-2024.png","contentUrl":"https:\/\/www.anett.fr\/wp-content\/uploads\/2024\/02\/logo-anett-2024.png","width":696,"height":696,"caption":"Anett"},"image":{"@id":"https:\/\/www.anett.fr\/index.php\/#\/schema\/logo\/image\/"},"sameAs":["https:\/\/www.facebook.com\/profile.php?id=100065673331976","https:\/\/www.linkedin.com\/company\/anett\/"]}]}},"_links":{"self":[{"href":"https:\/\/www.anett.fr\/index.php\/wp-json\/wp\/v2\/pages\/1873","targetHints":{"allow":["GET"]}}],"collection":[{"href":"https:\/\/www.anett.fr\/index.php\/wp-json\/wp\/v2\/pages"}],"about":[{"href":"https:\/\/www.anett.fr\/index.php\/wp-json\/wp\/v2\/types\/page"}],"author":[{"embeddable":true,"href":"https:\/\/www.anett.fr\/index.php\/wp-json\/wp\/v2\/users\/5"}],"replies":[{"embeddable":true,"href":"https:\/\/www.anett.fr\/index.php\/wp-json\/wp\/v2\/comments?post=1873"}],"version-history":[{"count":0,"href":"https:\/\/www.anett.fr\/index.php\/wp-json\/wp\/v2\/pages\/1873\/revisions"}],"up":[{"embeddable":true,"href":"https:\/\/www.anett.fr\/index.php\/wp-json\/wp\/v2\/pages\/600"}],"wp:attachment":[{"href":"https:\/\/www.anett.fr\/index.php\/wp-json\/wp\/v2\/media?parent=1873"}],"curies":[{"name":"wp","href":"https:\/\/api.w.org\/{rel}","templated":true}]}}