{"id":1875,"date":"2023-10-04T17:18:52","date_gmt":"2023-10-04T15:18:52","guid":{"rendered":"https:\/\/www.anett.fr\/?page_id=1875"},"modified":"2026-02-23T14:46:05","modified_gmt":"2026-02-23T13:46:05","slug":"lhumain-au-coeur-de-notre-quotidien","status":"publish","type":"page","link":"https:\/\/www.anett.fr\/index.php\/decouvrir-anett\/lhumain-au-coeur-de-notre-quotidien\/","title":{"rendered":"L&rsquo;humain, au c\u0153ur de notre quotidien"},"content":{"rendered":"\n<h2>\n\t\t\tAu c\u0153ur de notre quotidien\t<\/h2>\n<figure itemscope itemtype=\"https:\/\/schema.org\/ImageObject\">\n\t\t\t\t<img decoding=\"async\" src=\"https:\/\/www.anett.fr\/wp-content\/uploads\/2023\/05\/etoile.png\" alt=\"etoile\" height=\"222\" width=\"236\" title=\"etoile\" onerror=\"this.style.display='none'\" loading=\"lazy\" \/>\n\t<\/figure>\n<h2>\n\t\t\tL&rsquo;Humain, indispensable \u00e0 notre \u00e9quilibre\t<\/h2>\n<h2>\n\t\t\tUne aventure humaine\t<\/h2>\n\t<p><em>Au fil de notre histoire sociale, nous avons pris conscience qu&rsquo;offrir \u00e0 nos collaborateurs des conditions de r\u00e9mun\u00e9ration et de travail d\u00e9centes n&rsquo;\u00e9tait pas suffisant.<\/em><\/p>\n\t<p>Aujourd&rsquo;hui, nous sommes attentifs \u00e0 la question du juste partage de la valeur, de la s\u00e9curit\u00e9, du vivre ensemble et de l&rsquo;\u00e9volution des femmes et des hommes qui composent notre communaut\u00e9 de travail, le tout dans le respect des droits fondamentaux. Notre contrat social symbolise ce qui lie l&rsquo;entreprise aux femmes et aux hommes qui \u0153uvrent au quotidien pour son d\u00e9veloppement.<\/p>\n\t\t\t<a href=\"https:\/\/www.anett.fr\/wp-content\/uploads\/2025\/07\/ANETT-RSE-5-Rapport-annuel-2024-2025-vImpression-A4.pdf\" title=\"T\u00e9l\u00e9chargez notre rapport annuel RSE\" target=\"_blank\" rel=\"noopener\"  role=\"button\" aria-label=\"T\u00e9l\u00e9chargez notre rapport annuel RSE\">\n\t\t\t\t\t\t\tT\u00e9l\u00e9chargez notre rapport annuel RSE\n\t\t<\/a>\n<h2>\n\t\t\tChiffres cl\u00e9s\t<\/h2>\n\t<p>Dont 53% de femmes<\/p>\n\t<p>En 2024, soit 15,03% de l&rsquo;effectif permanent 2024, et 605 \u00e9volutions depuis 2021<\/p>\n\t<p>Au sein de nos usines<\/p>\n<h2>\n\t\t\tIndex de l&rsquo;\u00e9galit\u00e9 professionnelle\t<\/h2>\n\tDes r\u00e9sultats qui confirment notre engagement social.<br \/>\nAnett s&rsquo;investit depuis de nombreuses ann\u00e9es dans la <strong>lutte contre toute forme de discrimination<\/strong>,<br \/>\nconform\u00e9ment aux engagements pris dans le cadre de sa strat\u00e9gie de <strong>Responsabilit\u00e9 Soci\u00e9tale des Entreprises<\/strong>.\n\t<p>Cela se traduit par la mise en \u0153uvre d&rsquo;une politique RH soucieuse de pr\u00e9server l&rsquo;\u00e9galit\u00e9 entre les femmes et les hommes en mati\u00e8re de r\u00e9mun\u00e9ration, de formation et d&rsquo;\u00e9volution professionnelle. Les r\u00e9sultats de l&rsquo;index relatif \u00e0 l&rsquo;\u00e9galit\u00e9 de r\u00e9mun\u00e9ration entre les femmes et les hommes pour 2025 le confirment et nous encouragent \u00e0 poursuivre sur cette voie.<\/p>\n\t\t\t<a href=\"https:\/\/www.anett.fr\/wp-content\/uploads\/2026\/02\/Presentation-des-indicateurs-INDEX-egalite-2025-OK.pdf\" title=\"D\u00e9couvrez le d\u00e9tail\" target=\"_blank\" rel=\"noopener\"  role=\"button\" aria-label=\"D\u00e9couvrez le d\u00e9tail\">\n\t\t\t\t\t\t\tD\u00e9couvrez le d\u00e9tail\n\t\t<\/a>\n<figure itemscope itemtype=\"https:\/\/schema.org\/ImageObject\">\n\t\t\t\t<img decoding=\"async\" src=\"https:\/\/www.anett.fr\/wp-content\/uploads\/2026\/02\/anett-index-egalite-hf-2025.png\" alt=\"anett-index-egalite-hf-2025\" height=\"4500\" width=\"4938\" title=\"anett-index-egalite-hf-2025\" onerror=\"this.style.display='none'\" loading=\"lazy\" \/>\n\t<\/figure>\n<h2>\n\t\t\tPolitique Handicap\t<\/h2>\n\t<em>Nos engagements en faveur de la diversit\u00e9 et de l&rsquo;inclusion prennent un nouveau tournant<br \/>\npar l&rsquo;impulsion de nouvelles actions int\u00e9gr\u00e9es \u00e0 notre politique handicap.<\/em>\n<h2>\n\t\t\tDes actions de sensibilisation au handicap\t<\/h2>\n\t<p>Anett accorde de l&rsquo;importance \u00e0 la sensibilisation de ses collaborateurs pour lever les pr\u00e9jug\u00e9s, favoriser l&rsquo;int\u00e9gration et offrir \u00e0 ses salari\u00e9s en situation de handicap un environnement de travail propice \u00e0 leur \u00e9panouissement professionnel. Lors de la Semaine Europ\u00e9enne pour l&rsquo;Emploi des Personnes Handicap\u00e9es mais aussi tout au long de l&rsquo;ann\u00e9e, Anett communique largement sur cette th\u00e9matique (familles de handicap, id\u00e9es re\u00e7ues, t\u00e9moignages de salari\u00e9s) et propose des animations ludiques permettant au plus grand nombre de se familiariser et d&rsquo;\u00e9changer sur le handicap.<\/p>\n\n\t<p>\u00c0 ce titre, Anett collabore avec les acteurs des services de sant\u00e9 au travail, de l&#8217;emploi et du handicap pour permettre \u00e0 ses collaborateurs disposant d&rsquo;une Reconnaissance de la Qualit\u00e9 de Travailleur Handicap\u00e9 de b\u00e9n\u00e9ficier d&rsquo;un plan d&rsquo;accompagnement favorisant leur maintien dans l&#8217;emploi.<\/p>\n<p><strong>En 2022, 65 personnes en situation de handicap travaillent chez Anett, soit 4,27% de l&rsquo;effectif.<\/strong><\/p>\n\t\t\t<a href=\"https:\/\/www.anett.fr\/handicap-anett\/\" title=\"D\u00e9couvrez nos engagements en faveur du handicap\" target=\"_blank\" rel=\"noopener\"  role=\"button\" aria-label=\"D\u00e9couvrez nos engagements &lt;br&gt; en faveur du handicap\">\n\t\t\t\t\t\t\tD\u00e9couvrez nos engagements <br \/> en faveur du handicap\n\t\t<\/a>\n<h2>\n\t\t\tNos collaborateurs parlent de  nous !\t<\/h2>\n\t<meta itemscope itemprop=\"mainEntityOfPage\" itemtype=\"https:\/\/schema.org\/WebPage\" itemid=\"https:\/\/www.anett.fr\/index.php\/temoignage\/agent-de-production-1\/\" content=\"Agent de production 1\" \/><meta itemprop=\"datePublished\" content=\"2024-02-13\" \/><meta itemprop=\"dateModified\" content=\"2024-02-27\" \/><meta itemprop=\"name\" content=\"Anett\"\/><meta itemprop=\"url\" content=\"https:\/\/www.anett.fr\/index.php\/author\/delphine\/\" \/><meta itemprop=\"name\" content=\"Delphine Bichon\" \/><meta itemprop=\"interactionType\" content=\"https:\/\/schema.org\/CommentAction\" \/><meta itemprop=\"userInteractionCount\" content=\"0\" \/>\n    \t<img decoding=\"async\" src=\"https:\/\/www.anett.fr\/wp-content\/uploads\/2024\/02\/5-etoiles-anett.png\" title=\"5-etoiles-anett\" \/>\n    \t<p>Apr\u00e8s plus de 20 ans chez Anett, j&rsquo;ai eu la curiosit\u00e9 de m&rsquo;int\u00e9resser aux clients, et aujourd&rsquo;hui j&rsquo;ai une bonne connaissance des clients. L&rsquo;ambiance est tr\u00e8s bonne, il y a une bonne entraide et un tr\u00e8s bon soutien des coll\u00e8gues au quotidien. Mon travail est int\u00e9ressant et diversifiant. C&rsquo;est un plaisir de former de nouveaux arrivants, j&rsquo;essaie toujours de mettre \u00e0 l&rsquo;aise les personnes et de faire en sorte qu&rsquo;ils aient envie de revenir sans appr\u00e9hensions.<\/p>\n        Agn\u00e9s\n    \tAgent de production\n\t<meta itemscope itemprop=\"mainEntityOfPage\" itemtype=\"https:\/\/schema.org\/WebPage\" itemid=\"https:\/\/www.anett.fr\/index.php\/temoignage\/responsable-adjoint-de-production\/\" content=\"Responsable adjoint de production\" \/><meta itemprop=\"datePublished\" content=\"2024-02-13\" \/><meta itemprop=\"dateModified\" content=\"2024-02-27\" \/><meta itemprop=\"name\" content=\"Anett\"\/><meta itemprop=\"url\" content=\"https:\/\/www.anett.fr\/index.php\/author\/delphine\/\" \/><meta itemprop=\"name\" content=\"Delphine Bichon\" \/><meta itemprop=\"interactionType\" content=\"https:\/\/schema.org\/CommentAction\" \/><meta itemprop=\"userInteractionCount\" content=\"0\" \/>\n    \t<img decoding=\"async\" src=\"https:\/\/www.anett.fr\/wp-content\/uploads\/2024\/02\/5-etoiles-anett.png\" title=\"5-etoiles-anett\" \/>\n    \t<p>Je n&rsquo;aurais jamais pens\u00e9 atteindre cette fonction. Merci \u00e0 l&rsquo;entreprise et au si\u00e8ge de me donner cette confiance quotidienne. L&rsquo;ambiance de l&rsquo;usine me permet d&rsquo;\u0153uvrer chaque jour dans la joie et la bonne humeur et facilite mon int\u00e9gration.<\/p>\n        Kevin\n    \tResponsable adjoint de production\n\t<meta itemscope itemprop=\"mainEntityOfPage\" itemtype=\"https:\/\/schema.org\/WebPage\" itemid=\"https:\/\/www.anett.fr\/index.php\/temoignage\/agent-de-distribution-1\/\" content=\"Agent de distribution 1\" \/><meta itemprop=\"datePublished\" content=\"2024-02-13\" \/><meta itemprop=\"dateModified\" content=\"2024-02-27\" \/><meta itemprop=\"name\" content=\"Anett\"\/><meta itemprop=\"url\" content=\"https:\/\/www.anett.fr\/index.php\/author\/delphine\/\" \/><meta itemprop=\"name\" content=\"Delphine Bichon\" \/><meta itemprop=\"interactionType\" content=\"https:\/\/schema.org\/CommentAction\" \/><meta itemprop=\"userInteractionCount\" content=\"0\" \/>\n    \t<img decoding=\"async\" src=\"https:\/\/www.anett.fr\/wp-content\/uploads\/2024\/02\/5-etoiles-anett.png\" title=\"5-etoiles-anett\" \/>\n    \tCe que j&rsquo;aime avant tout dans ce travail c&rsquo;est l&rsquo;autonomie.<br \/>\nLa conduite en montagne est un atout pour l&rsquo;exp\u00e9rience. Les conditions climatiques et les al\u00e9as de la route, nous obligent \u00e0 nous adapter jour apr\u00e8s jour et font de nous des professionnels de la route.<br \/>\nLa soci\u00e9t\u00e9 Anett m&rsquo;a permis de d\u00e9buter dans le m\u00e9tier et de parfaire mon exp\u00e9rience.\n        Oriane\n    \tAgent de distribution\n\t<meta itemscope itemprop=\"mainEntityOfPage\" itemtype=\"https:\/\/schema.org\/WebPage\" itemid=\"https:\/\/www.anett.fr\/index.php\/temoignage\/pourquoi-avoir-choisi-ce-metier\/\" content=\"Pourquoi avoir choisi ce m\u00e9tier ?\" \/><meta itemprop=\"datePublished\" content=\"2023-10-25\" \/><meta itemprop=\"dateModified\" content=\"2024-02-27\" \/><meta itemprop=\"name\" content=\"Anett\"\/><meta itemprop=\"url\" content=\"https:\/\/www.anett.fr\/index.php\/author\/maelyss\/\" \/><meta itemprop=\"name\" content=\"Maelyss Berteaud\" \/><meta itemprop=\"interactionType\" content=\"https:\/\/schema.org\/CommentAction\" \/><meta itemprop=\"userInteractionCount\" content=\"0\" \/>\n    \t<img decoding=\"async\" src=\"https:\/\/www.anett.fr\/wp-content\/uploads\/2024\/02\/5-etoiles-anett.png\" title=\"5-etoiles-anett\" \/>\n    \t<p>Travailler chez Anett est une exp\u00e9rience tr\u00e8s enrichissante qui me permet de relever des d\u00e9fis. Je tiens \u00e0 \u00eatre toujours rigoureuse dans mon travail pour mener \u00e0 bien mes missions. Gr\u00e2ce \u00e0 la bonne coh\u00e9sion d&rsquo;\u00e9quipe je me sens bien chez Anett.<\/p>\n        Ath\u00e9na\u00efs\n    \tAnimatrice de production\n<h2>\n\t\t\tLe Club 35\t<\/h2>\n<figure itemscope itemtype=\"https:\/\/schema.org\/ImageObject\">\n\t\t\t\t<img decoding=\"async\" src=\"https:\/\/www.anett.fr\/wp-content\/uploads\/2023\/12\/Logo-club-35-_rubis_ok-120x120.png\" alt=\"Logo club 35 _rubis_ok\" height=\"120\" width=\"120\" title=\"Logo club 35 _rubis_ok\" onerror=\"this.style.display='none'\" loading=\"lazy\" \/>\n\t<\/figure>\n\t<p><strong>En 2023 s&rsquo;est tenue la premi\u00e8re \u00e9dition du Club 35, un \u00e9v\u00e8nement maison qui a rassembl\u00e9 tous les salari\u00e9s ayant 35 ans ou plus d&rsquo;anciennet\u00e9 au sein de l&rsquo;entreprise, tous m\u00e9tiers et sites confondus. <\/strong><\/p>\n<p>35 ans d&rsquo;engagement c&rsquo;est tr\u00e8s rare et pr\u00e9cieux. C&rsquo;est pourquoi, chez Anett, nous tenions \u00e0 remercier nos collaborateurs qui partagent et vivent l&rsquo;histoire Anett depuis plus de 3 d\u00e9cennies. C&rsquo;est une aventure qui, pour certains, est synonyme de rencontres, de nouveaut\u00e9s, de changements, d&rsquo;apprentissage, de d\u00e9veloppement et d&rsquo;\u00e9coute. Mais pour tous, c&rsquo;est une aventure humaine. Soyons fiers d&rsquo;\u00eatre Anett.<\/p>\n\t\t\t\t\t<img decoding=\"async\" src=\"\" alt=\"\"\/>\n\t\t<h2>\n\t\t\tDispositif d&rsquo;Alerte\t<\/h2>\n\t<p>Parce que nous sommes soucieux de permettre \u00e0 chacun de nos collaborateurs et partenaires de travailler ensemble dans un environnement sain, garantissant le respect des valeurs et principes d\u00e9fendus au sein d&rsquo;ANETT, notamment :<\/p>\n<p>La protection de la sant\u00e9 et de la s\u00e9curit\u00e9 de nos collaborateurs<\/p>\n<p>La non-discrimination<\/p>\n<p>Le respect des droits fondamentaux<\/p>\n<p>La protection de la sant\u00e9 publique et de l&rsquo;environnement<\/p>\n<p>Le respect des principes \u00e9thiques d\u00e9fendus par notre soci\u00e9t\u00e9.<\/p>\n<p>&nbsp;<\/p>\n<p>ANETT a mis en place un dispositif d&rsquo;alerte permettant de recueillir tout signalement d&rsquo;une atteinte \u00e0 l&rsquo;un de ces principes<\/p>\n<p><strong>Contribuez \u00e0 d\u00e9fendre ces principes et valeurs en remplissant notre formulaire d&rsquo;alerte.\u00a0<\/strong><\/p>\n\t\t\t<a href=\"https:\/\/www.anett.fr\/harcelement\/  \" title=\"Remplir le formulaire d&#039;alerte\" target=\"_blank\" rel=\"noopener\"  role=\"button\" aria-label=\"Remplir le formulaire d&#039;alerte\">\n\t\t\t\t\t\t\tRemplir le formulaire d&rsquo;alerte\n\t\t<\/a>\n<h2>\n\t\t\tNotre vision de la relation client\t<\/h2>\n\t\t\t<a href=\"https:\/\/www.anett.fr\/decouvrir-anett\/le-service-client-notre-priorite\/\" title=\"D\u00e9couvrir\" target=\"_self\"   role=\"button\" aria-label=\"D\u00e9couvrir\">\n\t\t\t\t\t\t\tD\u00e9couvrir\n\t\t<\/a>\n<h2>\n\t\t<a href=\"https:\/\/www.anett.fr\/decouvrir-anett\/conscience-environnementale-le-defi-de-tous-les-jours\/\" title=\"Notre conscience environnementale\"  target=\"_self\">\n\t\t\tNotre conscience environnementale\t\t<\/a>\n\t<\/h2>\n\t\t\t<a href=\"https:\/\/www.anett.fr\/decouvrir-anett\/conscience-environnementale-le-defi-de-tous-les-jours\/\" title=\"D\u00e9couvrir\" target=\"_self\"   role=\"button\" aria-label=\"D\u00e9couvrir\">\n\t\t\t\t\t\t\tD\u00e9couvrir\n\t\t<\/a>\n<h2>\n\t\t\tNos relations <br \/>humaines\t<\/h2>\n\t\t\t<a href=\"https:\/\/www.anett.fr\/decouvrir-anett\/lhumain-au-coeur-de-notre-quotidien\/\" title=\"D\u00e9couvrir\" target=\"_self\"   role=\"button\" aria-label=\"D\u00e9couvrir\">\n\t\t\t\t\t\t\tD\u00e9couvrir\n\t\t<\/a>\n<h2>\n\t\t<a href=\"https:\/\/www.anett.fr\/decouvrir-anett\/conscience-environnementale-le-defi-de-tous-les-jours\/\" title=\"Notre ancrage territorial\"  target=\"_self\">\n\t\t\tNotre ancrage <br \/>territorial\t\t<\/a>\n\t<\/h2>\n\t\t\t<a href=\"https:\/\/www.anett.fr\/decouvrir-anett\/conscience-environnementale-le-defi-de-tous-les-jours\/\" title=\"D\u00e9couvrir\" target=\"_self\"   role=\"button\" aria-label=\"D\u00e9couvrir\">\n\t\t\t\t\t\t\tD\u00e9couvrir\n\t\t<\/a>\n\n","protected":false},"excerpt":{"rendered":"<p>Au c\u0153ur de notre quotidien L&rsquo;Humain, indispensable \u00e0 notre \u00e9quilibre Une aventure humaine Au fil de notre histoire sociale, nous avons pris conscience qu&rsquo;offrir \u00e0 nos collaborateurs des conditions de r\u00e9mun\u00e9ration et de travail d\u00e9centes n&rsquo;\u00e9tait pas suffisant. Aujourd&rsquo;hui, nous sommes attentifs \u00e0 la question du juste partage de la valeur, de la s\u00e9curit\u00e9, du&hellip;<\/p>\n","protected":false},"author":5,"featured_media":0,"parent":600,"menu_order":3,"comment_status":"closed","ping_status":"closed","template":"","meta":{"footnotes":""},"class_list":["post-1875","page","type-page","status-publish","hentry"],"yoast_head":"<!-- This site is optimized with the Yoast SEO plugin v27.3 - https:\/\/yoast.com\/product\/yoast-seo-wordpress\/ -->\n<title>L&#039;humain, au c\u0153ur de notre quotidien - Anett<\/title>\n<meta name=\"description\" content=\"ANETT a initi\u00e9 une d\u00e9marche globale alliant fid\u00e9lit\u00e9 \u00e0 ses principes et respect d&#039;une \u00e9thique humaine. Au quotidien, l\u2019humain est indispensable \u00e0 son \u00e9quilibre.\" \/>\n<meta name=\"robots\" content=\"index, follow, max-snippet:-1, max-image-preview:large, max-video-preview:-1\" \/>\n<link rel=\"canonical\" href=\"https:\/\/www.anett.fr\/index.php\/decouvrir-anett\/lhumain-au-coeur-de-notre-quotidien\/\" \/>\n<meta property=\"og:locale\" content=\"fr_FR\" \/>\n<meta property=\"og:type\" content=\"article\" \/>\n<meta property=\"og:title\" content=\"L&#039;humain, au c\u0153ur de notre quotidien - Anett\" \/>\n<meta property=\"og:description\" content=\"ANETT a initi\u00e9 une d\u00e9marche globale alliant fid\u00e9lit\u00e9 \u00e0 ses principes et respect d&#039;une \u00e9thique humaine. Au quotidien, l\u2019humain est indispensable \u00e0 son \u00e9quilibre.\" \/>\n<meta property=\"og:url\" content=\"https:\/\/www.anett.fr\/index.php\/decouvrir-anett\/lhumain-au-coeur-de-notre-quotidien\/\" \/>\n<meta property=\"og:site_name\" content=\"Anett\" \/>\n<meta property=\"article:publisher\" content=\"https:\/\/www.facebook.com\/profile.php?id=100065673331976\" \/>\n<meta property=\"article:modified_time\" content=\"2026-02-23T13:46:05+00:00\" \/>\n<meta property=\"og:image\" content=\"https:\/\/www.anett.fr\/wp-content\/uploads\/2023\/05\/etoile.png\" \/>\n<meta name=\"twitter:card\" content=\"summary_large_image\" \/>\n<meta name=\"twitter:label1\" content=\"Dur\u00e9e de lecture estim\u00e9e\" \/>\n\t<meta name=\"twitter:data1\" content=\"8 minutes\" \/>\n<script type=\"application\/ld+json\" class=\"yoast-schema-graph\">{\"@context\":\"https:\\\/\\\/schema.org\",\"@graph\":[{\"@type\":\"WebPage\",\"@id\":\"https:\\\/\\\/www.anett.fr\\\/index.php\\\/decouvrir-anett\\\/lhumain-au-coeur-de-notre-quotidien\\\/\",\"url\":\"https:\\\/\\\/www.anett.fr\\\/index.php\\\/decouvrir-anett\\\/lhumain-au-coeur-de-notre-quotidien\\\/\",\"name\":\"L'humain, au c\u0153ur de notre quotidien - Anett\",\"isPartOf\":{\"@id\":\"https:\\\/\\\/www.anett.fr\\\/index.php\\\/#website\"},\"primaryImageOfPage\":{\"@id\":\"https:\\\/\\\/www.anett.fr\\\/index.php\\\/decouvrir-anett\\\/lhumain-au-coeur-de-notre-quotidien\\\/#primaryimage\"},\"image\":{\"@id\":\"https:\\\/\\\/www.anett.fr\\\/index.php\\\/decouvrir-anett\\\/lhumain-au-coeur-de-notre-quotidien\\\/#primaryimage\"},\"thumbnailUrl\":\"https:\\\/\\\/www.anett.fr\\\/wp-content\\\/uploads\\\/2023\\\/05\\\/etoile.png\",\"datePublished\":\"2023-10-04T15:18:52+00:00\",\"dateModified\":\"2026-02-23T13:46:05+00:00\",\"description\":\"ANETT a initi\u00e9 une d\u00e9marche globale alliant fid\u00e9lit\u00e9 \u00e0 ses principes et respect d'une \u00e9thique humaine. Au quotidien, l\u2019humain est indispensable \u00e0 son \u00e9quilibre.\",\"breadcrumb\":{\"@id\":\"https:\\\/\\\/www.anett.fr\\\/index.php\\\/decouvrir-anett\\\/lhumain-au-coeur-de-notre-quotidien\\\/#breadcrumb\"},\"inLanguage\":\"fr-FR\",\"potentialAction\":[{\"@type\":\"ReadAction\",\"target\":[\"https:\\\/\\\/www.anett.fr\\\/index.php\\\/decouvrir-anett\\\/lhumain-au-coeur-de-notre-quotidien\\\/\"]}]},{\"@type\":\"ImageObject\",\"inLanguage\":\"fr-FR\",\"@id\":\"https:\\\/\\\/www.anett.fr\\\/index.php\\\/decouvrir-anett\\\/lhumain-au-coeur-de-notre-quotidien\\\/#primaryimage\",\"url\":\"https:\\\/\\\/www.anett.fr\\\/wp-content\\\/uploads\\\/2023\\\/05\\\/etoile.png\",\"contentUrl\":\"https:\\\/\\\/www.anett.fr\\\/wp-content\\\/uploads\\\/2023\\\/05\\\/etoile.png\"},{\"@type\":\"BreadcrumbList\",\"@id\":\"https:\\\/\\\/www.anett.fr\\\/index.php\\\/decouvrir-anett\\\/lhumain-au-coeur-de-notre-quotidien\\\/#breadcrumb\",\"itemListElement\":[{\"@type\":\"ListItem\",\"position\":1,\"name\":\"Accueil\",\"item\":\"https:\\\/\\\/www.anett.fr\\\/index.php\\\/\"},{\"@type\":\"ListItem\",\"position\":2,\"name\":\"D\u00e9couvrir Anett\",\"item\":\"https:\\\/\\\/www.anett.fr\\\/index.php\\\/decouvrir-anett\\\/\"},{\"@type\":\"ListItem\",\"position\":3,\"name\":\"L&rsquo;humain, au c\u0153ur de notre quotidien\"}]},{\"@type\":\"WebSite\",\"@id\":\"https:\\\/\\\/www.anett.fr\\\/index.php\\\/#website\",\"url\":\"https:\\\/\\\/www.anett.fr\\\/index.php\\\/\",\"name\":\"Anett\",\"description\":\"Nous portons chaque jour les valeurs de notre engagement\",\"publisher\":{\"@id\":\"https:\\\/\\\/www.anett.fr\\\/index.php\\\/#organization\"},\"alternateName\":\"Anett, Diff\u00e9rents par Nature\",\"potentialAction\":[{\"@type\":\"SearchAction\",\"target\":{\"@type\":\"EntryPoint\",\"urlTemplate\":\"https:\\\/\\\/www.anett.fr\\\/index.php\\\/?s={search_term_string}\"},\"query-input\":{\"@type\":\"PropertyValueSpecification\",\"valueRequired\":true,\"valueName\":\"search_term_string\"}}],\"inLanguage\":\"fr-FR\"},{\"@type\":\"Organization\",\"@id\":\"https:\\\/\\\/www.anett.fr\\\/index.php\\\/#organization\",\"name\":\"Anett\",\"alternateName\":\"Anett, Diff\u00e9rents par Nature\",\"url\":\"https:\\\/\\\/www.anett.fr\\\/index.php\\\/\",\"logo\":{\"@type\":\"ImageObject\",\"inLanguage\":\"fr-FR\",\"@id\":\"https:\\\/\\\/www.anett.fr\\\/index.php\\\/#\\\/schema\\\/logo\\\/image\\\/\",\"url\":\"https:\\\/\\\/www.anett.fr\\\/wp-content\\\/uploads\\\/2024\\\/02\\\/logo-anett-2024.png\",\"contentUrl\":\"https:\\\/\\\/www.anett.fr\\\/wp-content\\\/uploads\\\/2024\\\/02\\\/logo-anett-2024.png\",\"width\":696,\"height\":696,\"caption\":\"Anett\"},\"image\":{\"@id\":\"https:\\\/\\\/www.anett.fr\\\/index.php\\\/#\\\/schema\\\/logo\\\/image\\\/\"},\"sameAs\":[\"https:\\\/\\\/www.facebook.com\\\/profile.php?id=100065673331976\",\"https:\\\/\\\/www.linkedin.com\\\/company\\\/anett\\\/\"]}]}<\/script>\n<!-- \/ Yoast SEO plugin. -->","yoast_head_json":{"title":"L'humain, au c\u0153ur de notre quotidien - Anett","description":"ANETT a initi\u00e9 une d\u00e9marche globale alliant fid\u00e9lit\u00e9 \u00e0 ses principes et respect d'une \u00e9thique humaine. Au quotidien, l\u2019humain est indispensable \u00e0 son \u00e9quilibre.","robots":{"index":"index","follow":"follow","max-snippet":"max-snippet:-1","max-image-preview":"max-image-preview:large","max-video-preview":"max-video-preview:-1"},"canonical":"https:\/\/www.anett.fr\/index.php\/decouvrir-anett\/lhumain-au-coeur-de-notre-quotidien\/","og_locale":"fr_FR","og_type":"article","og_title":"L'humain, au c\u0153ur de notre quotidien - Anett","og_description":"ANETT a initi\u00e9 une d\u00e9marche globale alliant fid\u00e9lit\u00e9 \u00e0 ses principes et respect d'une \u00e9thique humaine. Au quotidien, l\u2019humain est indispensable \u00e0 son \u00e9quilibre.","og_url":"https:\/\/www.anett.fr\/index.php\/decouvrir-anett\/lhumain-au-coeur-de-notre-quotidien\/","og_site_name":"Anett","article_publisher":"https:\/\/www.facebook.com\/profile.php?id=100065673331976","article_modified_time":"2026-02-23T13:46:05+00:00","og_image":[{"url":"https:\/\/www.anett.fr\/wp-content\/uploads\/2023\/05\/etoile.png","type":"","width":"","height":""}],"twitter_card":"summary_large_image","twitter_misc":{"Dur\u00e9e de lecture estim\u00e9e":"8 minutes"},"schema":{"@context":"https:\/\/schema.org","@graph":[{"@type":"WebPage","@id":"https:\/\/www.anett.fr\/index.php\/decouvrir-anett\/lhumain-au-coeur-de-notre-quotidien\/","url":"https:\/\/www.anett.fr\/index.php\/decouvrir-anett\/lhumain-au-coeur-de-notre-quotidien\/","name":"L'humain, au c\u0153ur de notre quotidien - Anett","isPartOf":{"@id":"https:\/\/www.anett.fr\/index.php\/#website"},"primaryImageOfPage":{"@id":"https:\/\/www.anett.fr\/index.php\/decouvrir-anett\/lhumain-au-coeur-de-notre-quotidien\/#primaryimage"},"image":{"@id":"https:\/\/www.anett.fr\/index.php\/decouvrir-anett\/lhumain-au-coeur-de-notre-quotidien\/#primaryimage"},"thumbnailUrl":"https:\/\/www.anett.fr\/wp-content\/uploads\/2023\/05\/etoile.png","datePublished":"2023-10-04T15:18:52+00:00","dateModified":"2026-02-23T13:46:05+00:00","description":"ANETT a initi\u00e9 une d\u00e9marche globale alliant fid\u00e9lit\u00e9 \u00e0 ses principes et respect d'une \u00e9thique humaine. Au quotidien, l\u2019humain est indispensable \u00e0 son \u00e9quilibre.","breadcrumb":{"@id":"https:\/\/www.anett.fr\/index.php\/decouvrir-anett\/lhumain-au-coeur-de-notre-quotidien\/#breadcrumb"},"inLanguage":"fr-FR","potentialAction":[{"@type":"ReadAction","target":["https:\/\/www.anett.fr\/index.php\/decouvrir-anett\/lhumain-au-coeur-de-notre-quotidien\/"]}]},{"@type":"ImageObject","inLanguage":"fr-FR","@id":"https:\/\/www.anett.fr\/index.php\/decouvrir-anett\/lhumain-au-coeur-de-notre-quotidien\/#primaryimage","url":"https:\/\/www.anett.fr\/wp-content\/uploads\/2023\/05\/etoile.png","contentUrl":"https:\/\/www.anett.fr\/wp-content\/uploads\/2023\/05\/etoile.png"},{"@type":"BreadcrumbList","@id":"https:\/\/www.anett.fr\/index.php\/decouvrir-anett\/lhumain-au-coeur-de-notre-quotidien\/#breadcrumb","itemListElement":[{"@type":"ListItem","position":1,"name":"Accueil","item":"https:\/\/www.anett.fr\/index.php\/"},{"@type":"ListItem","position":2,"name":"D\u00e9couvrir Anett","item":"https:\/\/www.anett.fr\/index.php\/decouvrir-anett\/"},{"@type":"ListItem","position":3,"name":"L&rsquo;humain, au c\u0153ur de notre quotidien"}]},{"@type":"WebSite","@id":"https:\/\/www.anett.fr\/index.php\/#website","url":"https:\/\/www.anett.fr\/index.php\/","name":"Anett","description":"Nous portons chaque jour les valeurs de notre engagement","publisher":{"@id":"https:\/\/www.anett.fr\/index.php\/#organization"},"alternateName":"Anett, Diff\u00e9rents par Nature","potentialAction":[{"@type":"SearchAction","target":{"@type":"EntryPoint","urlTemplate":"https:\/\/www.anett.fr\/index.php\/?s={search_term_string}"},"query-input":{"@type":"PropertyValueSpecification","valueRequired":true,"valueName":"search_term_string"}}],"inLanguage":"fr-FR"},{"@type":"Organization","@id":"https:\/\/www.anett.fr\/index.php\/#organization","name":"Anett","alternateName":"Anett, Diff\u00e9rents par Nature","url":"https:\/\/www.anett.fr\/index.php\/","logo":{"@type":"ImageObject","inLanguage":"fr-FR","@id":"https:\/\/www.anett.fr\/index.php\/#\/schema\/logo\/image\/","url":"https:\/\/www.anett.fr\/wp-content\/uploads\/2024\/02\/logo-anett-2024.png","contentUrl":"https:\/\/www.anett.fr\/wp-content\/uploads\/2024\/02\/logo-anett-2024.png","width":696,"height":696,"caption":"Anett"},"image":{"@id":"https:\/\/www.anett.fr\/index.php\/#\/schema\/logo\/image\/"},"sameAs":["https:\/\/www.facebook.com\/profile.php?id=100065673331976","https:\/\/www.linkedin.com\/company\/anett\/"]}]}},"_links":{"self":[{"href":"https:\/\/www.anett.fr\/index.php\/wp-json\/wp\/v2\/pages\/1875","targetHints":{"allow":["GET"]}}],"collection":[{"href":"https:\/\/www.anett.fr\/index.php\/wp-json\/wp\/v2\/pages"}],"about":[{"href":"https:\/\/www.anett.fr\/index.php\/wp-json\/wp\/v2\/types\/page"}],"author":[{"embeddable":true,"href":"https:\/\/www.anett.fr\/index.php\/wp-json\/wp\/v2\/users\/5"}],"replies":[{"embeddable":true,"href":"https:\/\/www.anett.fr\/index.php\/wp-json\/wp\/v2\/comments?post=1875"}],"version-history":[{"count":11,"href":"https:\/\/www.anett.fr\/index.php\/wp-json\/wp\/v2\/pages\/1875\/revisions"}],"predecessor-version":[{"id":115686,"href":"https:\/\/www.anett.fr\/index.php\/wp-json\/wp\/v2\/pages\/1875\/revisions\/115686"}],"up":[{"embeddable":true,"href":"https:\/\/www.anett.fr\/index.php\/wp-json\/wp\/v2\/pages\/600"}],"wp:attachment":[{"href":"https:\/\/www.anett.fr\/index.php\/wp-json\/wp\/v2\/media?parent=1875"}],"curies":[{"name":"wp","href":"https:\/\/api.w.org\/{rel}","templated":true}]}}