{"id":1879,"date":"2023-10-04T17:21:15","date_gmt":"2023-10-04T15:21:15","guid":{"rendered":"https:\/\/www.anett.fr\/?page_id=1879"},"modified":"2026-02-13T15:24:00","modified_gmt":"2026-02-13T14:24:00","slug":"certifications-preuves-dexcellence","status":"publish","type":"page","link":"https:\/\/www.anett.fr\/index.php\/decouvrir-anett\/certifications-preuves-dexcellence\/","title":{"rendered":"Certifications, preuves d&rsquo;excellence"},"content":{"rendered":"\n<h2>\n\t\t\tNos certifications\t<\/h2>\n<figure itemscope itemtype=\"https:\/\/schema.org\/ImageObject\">\n\t\t\t\t<img decoding=\"async\" src=\"https:\/\/www.anett.fr\/wp-content\/uploads\/2023\/05\/etoile.png\" alt=\"etoile\" height=\"222\" width=\"236\" title=\"etoile\" onerror=\"this.style.display='none'\" loading=\"lazy\" \/>\n\t<\/figure>\n<h2>\n\t\t\tDes preuves d&rsquo;excellence\t<\/h2>\n<h2>\n\t\t\tCertifications &#038; engagements\t<\/h2>\n\t<p>Chez <strong>Anett<\/strong>, notre mission va plus loin que de prendre soin du linge qui vous entoure : elle repose sur des valeurs fondamentales qui placent <strong>l&rsquo;humain, l&rsquo;environnement et les territoires<\/strong> au c\u0153ur de notre d\u00e9marche. Ces certifications et nos engagements t\u00e9moignent de notre d\u00e9marche envers un avenir plus durable, elle\u00a0ne se limite pas \u00e0 de simples mots, mais se manifeste \u00e0 travers des <strong>actions concr\u00e8tes<\/strong> et nos certifications en sont la preuve.<\/p>\n\t<p>D\u00e9couvrez ici comment nos pratiques responsables sont reconnues par diff\u00e9rents organismes et la mani\u00e8re dont nous contribuons \u00e0 un avenir plus durable.<\/p>\n<p><strong>Chez Anett, chaque geste compte pour construire un monde plus vertueux.<\/strong><\/p>\n<figure itemscope itemtype=\"https:\/\/schema.org\/ImageObject\">\n\t\t\t\t<img decoding=\"async\" src=\"https:\/\/www.anett.fr\/wp-content\/uploads\/2023\/11\/norme9001-14001-anett.png\" alt=\"norme9001-14001-anett\" height=\"375\" width=\"500\" title=\"norme9001-14001-anett\" onerror=\"this.style.display='none'\" loading=\"lazy\" \/>\n\t<\/figure>\n<figure itemscope itemtype=\"https:\/\/schema.org\/ImageObject\">\n\t\t\t\t<img decoding=\"async\" src=\"https:\/\/www.anett.fr\/wp-content\/uploads\/2023\/11\/norme-blanchisserie-anett.png\" alt=\"norme-blanchisserie-anett\" height=\"768\" width=\"768\" title=\"norme-blanchisserie-anett\" onerror=\"this.style.display='none'\" loading=\"lazy\" \/>\n\t<\/figure>\n\t<p><strong>ISO 14001 et ISO 9001<\/strong><\/p>\n<p>La certification GROUPE aupr\u00e8s de l&rsquo;AFNOR est renouvel\u00e9e tous les 3 ans. Et dans le cadre de notre d\u00e9marche qualit\u00e9, nous r\u00e9alisons des <strong>audits annuels <\/strong>qui valident le respect des exigences de ces normes.<\/p>\n<h2>\n\t\t\tLa norme RABC\t<\/h2>\n\t<p><strong>Risk Analysis and Biocontamination control<\/strong><\/p>\n<p>La <strong>RABC<\/strong> est une d\u00e9marche d&rsquo;<strong>analyse des risques<\/strong> et de <strong>contr\u00f4le de la biocontamination<\/strong> dans le process de traitement du linge. Cette norme permet de r\u00e9pondre aux exigences de nos clients dans les secteurs de la sant\u00e9, pharmaceutique, cosm\u00e9tique et agroalimentaire.<\/p>\n<p>Cette d\u00e9marche nous permet de ma\u00eetriser la biocontamination du linge et de vous garantir une s\u00e9curit\u00e9 bact\u00e9riologique conforme \u00e0 votre activit\u00e9.<\/p>\n\t\t\t\t\t<img decoding=\"async\" src=\"https:\/\/www.anett.fr\/wp-content\/uploads\/2023\/11\/video-anett-RABC.png\" alt=\"\"\/>\n\t\t<h2>\n\t\t\tAu-del\u00e0 des certifications  des  engagements\t<\/h2>\n\t<p><strong>Global compact\u00a0<\/strong><\/p>\n<p>Nous soutenons le Pacte mondial pour adopter une attitude responsable et durable en nous engageant \u00e0 int\u00e9grer et \u00e0 promouvoir plusieurs principes relatifs aux droits de l&rsquo;Homme, aux normes internationales du travail, \u00e0 l&rsquo;environnement et \u00e0 la lutte contre la corruption.<\/p>\n<figure itemscope itemtype=\"https:\/\/schema.org\/ImageObject\">\n\t\t\t\t<img decoding=\"async\" src=\"https:\/\/www.anett.fr\/wp-content\/uploads\/2023\/11\/global-compact-anett.png\" alt=\"global-compact -anett\" height=\"1054\" width=\"1060\" title=\"global-compact -anett\" onerror=\"this.style.display='none'\" loading=\"lazy\" \/>\n\t<\/figure>\n<figure itemscope itemtype=\"https:\/\/schema.org\/ImageObject\">\n\t\t\t\t<img decoding=\"async\" src=\"https:\/\/www.anett.fr\/wp-content\/uploads\/2023\/11\/objectifs-DD-anett.png\" alt=\"objectifs-DD-anett\" height=\"548\" width=\"1024\" title=\"objectifs-DD-anett\" onerror=\"this.style.display='none'\" loading=\"lazy\" \/>\n\t<\/figure>\n\t<p><strong>Les 17 Objectifs de D\u00e9veloppement Durable (ODD)<\/strong><\/p>\n<p>Nous nous appuyons sur les objectifs de d\u00e9veloppement durable pour guider la mise en \u0153uvre de notre strat\u00e9gie RSE. Il nous semble important d&rsquo;agir sur chacun de ces objectifs interconnect\u00e9s et compl\u00e9mentaires pour cr\u00e9er une d\u00e9marche globale et coh\u00e9rente.<\/p>\n\t<p><strong>Ecovadis\u00a0<\/strong><\/p>\n<p>Ecovadis est un organisme de notation de la durabilit\u00e9 et de la RSE. Elle permet via un syst\u00e8me de cotation de mesurer les engagements des fournisseurs et prestataires dans 4 domaines : environnement, social, achat et \u00e9thique des affaires. Les fiches d&rsquo;\u00e9valuation EcoVadis facilitent la compr\u00e9hension, le suivi et l&rsquo;am\u00e9lioration de la performance environnementale, sociale et \u00e9thique au niveau mondial.<\/p>\n<p>En 2025, Anett a re\u00e7u la m\u00e9daille Bronze d&rsquo;Ecovadis.<\/p>\n\t\t\t<a href=\"https:\/\/recognition.ecovadis.com\/7o3xltkT7UiInR6ZninHhw\"  target=\"_blank\" rel=\"noopener\"    rel=\"noopener\">\n\t\t\t\t\t\t\tNotre reconnaissance ECOVADIS\n\t\t\t\t\t<\/a>\n<figure itemscope itemtype=\"https:\/\/schema.org\/ImageObject\">\n\t\t\t\t<img decoding=\"async\" src=\"https:\/\/www.anett.fr\/wp-content\/uploads\/2026\/02\/ECOVADIS2026.png\" alt=\"ECOVADIS2026\" height=\"303\" width=\"316\" title=\"ECOVADIS2026\" onerror=\"this.style.display='none'\" loading=\"lazy\" \/>\n\t<\/figure>\n<figure itemscope itemtype=\"https:\/\/schema.org\/ImageObject\">\n\t\t\t\t<img decoding=\"async\" src=\"https:\/\/www.anett.fr\/wp-content\/uploads\/2023\/11\/logoGeist-anett.png\" alt=\"logoGeist-anett\" height=\"236\" width=\"861\" title=\"logoGeist-anett\" onerror=\"this.style.display='none'\" loading=\"lazy\" \/>\n\t<\/figure>\n\t<p><strong>Groupement des Entreprises Industrielles de Services Textiles<\/strong><\/p>\n<p>Anett est membre du Groupement des Entreprises Industrielles de Services Textiles, le syndicat professionnel des entreprises du secteur de la Location Entretien Textile. En tant qu&rsquo;entreprise ayant l&rsquo;ambition de devenir entreprise RSE (Responsabilit\u00e9 Sociale des Entreprises) par nature, nous sommes fiers d&rsquo;\u00eatre partie int\u00e9grante du GEIST, qui place au c\u0153ur de ses actions la pr\u00e9servation de l&rsquo;environnement au travers de sa commission environnementale, afin de r\u00e9duire l&rsquo;impact de l&rsquo;industrie textile.<\/p>\n<h2>\n\t\t\tNotre vision de la relation client\t<\/h2>\n\t\t\t<a href=\"https:\/\/www.anett.fr\/decouvrir-anett\/le-service-client-notre-priorite\/\" title=\"D\u00e9couvrir\" target=\"_self\"   role=\"button\" aria-label=\"D\u00e9couvrir\">\n\t\t\t\t\t\t\tD\u00e9couvrir\n\t\t<\/a>\n<h2>\n\t\t<a href=\"https:\/\/www.anett.fr\/decouvrir-anett\/conscience-environnementale-le-defi-de-tous-les-jours\/\" title=\"Notre conscience environnementale\"  target=\"_self\">\n\t\t\tNotre conscience environnementale\t\t<\/a>\n\t<\/h2>\n\t\t\t<a href=\"https:\/\/www.anett.fr\/decouvrir-anett\/conscience-environnementale-le-defi-de-tous-les-jours\/\" title=\"D\u00e9couvrir\" target=\"_self\"   role=\"button\" aria-label=\"D\u00e9couvrir\">\n\t\t\t\t\t\t\tD\u00e9couvrir\n\t\t<\/a>\n<h2>\n\t\t\tNos relations <br \/>humaines\t<\/h2>\n\t\t\t<a href=\"https:\/\/www.anett.fr\/decouvrir-anett\/lhumain-au-coeur-de-notre-quotidien\/\" title=\"D\u00e9couvrir\" target=\"_self\"   role=\"button\" aria-label=\"D\u00e9couvrir\">\n\t\t\t\t\t\t\tD\u00e9couvrir\n\t\t<\/a>\n<h2>\n\t\t<a href=\"https:\/\/www.anett.fr\/decouvrir-anett\/conscience-environnementale-le-defi-de-tous-les-jours\/\" title=\"Notre ancrage territorial\"  target=\"_self\">\n\t\t\tNotre ancrage <br \/>territorial\t\t<\/a>\n\t<\/h2>\n\t\t\t<a href=\"https:\/\/www.anett.fr\/decouvrir-anett\/conscience-environnementale-le-defi-de-tous-les-jours\/\" title=\"D\u00e9couvrir\" target=\"_self\"   role=\"button\" aria-label=\"D\u00e9couvrir\">\n\t\t\t\t\t\t\tD\u00e9couvrir\n\t\t<\/a>\n\n","protected":false},"excerpt":{"rendered":"<p>Nos certifications Des preuves d&rsquo;excellence Certifications &#038; engagements Chez Anett, notre mission va plus loin que de prendre soin du linge qui vous entoure : elle repose sur des valeurs fondamentales qui placent l&rsquo;humain, l&rsquo;environnement et les territoires au c\u0153ur de notre d\u00e9marche. Ces certifications et nos engagements t\u00e9moignent de notre d\u00e9marche envers un avenir&hellip;<\/p>\n","protected":false},"author":5,"featured_media":0,"parent":600,"menu_order":5,"comment_status":"closed","ping_status":"closed","template":"","meta":{"footnotes":""},"class_list":["post-1879","page","type-page","status-publish","hentry"],"yoast_head":"<!-- This site is optimized with the Yoast SEO plugin v27.4 - https:\/\/yoast.com\/product\/yoast-seo-wordpress\/ -->\n<title>Certifications, preuves d&#039;excellence - Anett<\/title>\n<meta name=\"description\" content=\"Les certifications et les engagements d\u2019Anett, t\u00e9moignent d\u2019une d\u00e9marche envers un avenir plus durable, elle ne se limite pas \u00e0 de simples mots, mais se manifeste \u00e0 travers des actions concr\u00e8tes et les certifications en sont la preuve.\" \/>\n<meta name=\"robots\" content=\"index, follow, max-snippet:-1, max-image-preview:large, max-video-preview:-1\" \/>\n<link rel=\"canonical\" href=\"https:\/\/www.anett.fr\/index.php\/decouvrir-anett\/certifications-preuves-dexcellence\/\" \/>\n<meta property=\"og:locale\" content=\"fr_FR\" \/>\n<meta property=\"og:type\" content=\"article\" \/>\n<meta property=\"og:title\" content=\"Certifications, preuves d&#039;excellence - Anett\" \/>\n<meta property=\"og:description\" content=\"Les certifications et les engagements d\u2019Anett, t\u00e9moignent d\u2019une d\u00e9marche envers un avenir plus durable, elle ne se limite pas \u00e0 de simples mots, mais se manifeste \u00e0 travers des actions concr\u00e8tes et les certifications en sont la preuve.\" \/>\n<meta property=\"og:url\" content=\"https:\/\/www.anett.fr\/index.php\/decouvrir-anett\/certifications-preuves-dexcellence\/\" \/>\n<meta property=\"og:site_name\" content=\"Anett\" \/>\n<meta property=\"article:publisher\" content=\"https:\/\/www.facebook.com\/profile.php?id=100065673331976\" \/>\n<meta property=\"article:modified_time\" content=\"2026-02-13T14:24:00+00:00\" \/>\n<meta property=\"og:image\" content=\"https:\/\/www.anett.fr\/wp-content\/uploads\/2023\/05\/etoile.png\" \/>\n<meta name=\"twitter:card\" content=\"summary_large_image\" \/>\n<meta name=\"twitter:label1\" content=\"Dur\u00e9e de lecture estim\u00e9e\" \/>\n\t<meta name=\"twitter:data1\" content=\"5 minutes\" \/>\n<script type=\"application\/ld+json\" class=\"yoast-schema-graph\">{\"@context\":\"https:\\\/\\\/schema.org\",\"@graph\":[{\"@type\":\"WebPage\",\"@id\":\"https:\\\/\\\/www.anett.fr\\\/index.php\\\/decouvrir-anett\\\/certifications-preuves-dexcellence\\\/\",\"url\":\"https:\\\/\\\/www.anett.fr\\\/index.php\\\/decouvrir-anett\\\/certifications-preuves-dexcellence\\\/\",\"name\":\"Certifications, preuves d'excellence - Anett\",\"isPartOf\":{\"@id\":\"https:\\\/\\\/www.anett.fr\\\/index.php\\\/#website\"},\"primaryImageOfPage\":{\"@id\":\"https:\\\/\\\/www.anett.fr\\\/index.php\\\/decouvrir-anett\\\/certifications-preuves-dexcellence\\\/#primaryimage\"},\"image\":{\"@id\":\"https:\\\/\\\/www.anett.fr\\\/index.php\\\/decouvrir-anett\\\/certifications-preuves-dexcellence\\\/#primaryimage\"},\"thumbnailUrl\":\"https:\\\/\\\/www.anett.fr\\\/wp-content\\\/uploads\\\/2023\\\/05\\\/etoile.png\",\"datePublished\":\"2023-10-04T15:21:15+00:00\",\"dateModified\":\"2026-02-13T14:24:00+00:00\",\"description\":\"Les certifications et les engagements d\u2019Anett, t\u00e9moignent d\u2019une d\u00e9marche envers un avenir plus durable, elle ne se limite pas \u00e0 de simples mots, mais se manifeste \u00e0 travers des actions concr\u00e8tes et les certifications en sont la preuve.\",\"breadcrumb\":{\"@id\":\"https:\\\/\\\/www.anett.fr\\\/index.php\\\/decouvrir-anett\\\/certifications-preuves-dexcellence\\\/#breadcrumb\"},\"inLanguage\":\"fr-FR\",\"potentialAction\":[{\"@type\":\"ReadAction\",\"target\":[\"https:\\\/\\\/www.anett.fr\\\/index.php\\\/decouvrir-anett\\\/certifications-preuves-dexcellence\\\/\"]}]},{\"@type\":\"ImageObject\",\"inLanguage\":\"fr-FR\",\"@id\":\"https:\\\/\\\/www.anett.fr\\\/index.php\\\/decouvrir-anett\\\/certifications-preuves-dexcellence\\\/#primaryimage\",\"url\":\"https:\\\/\\\/www.anett.fr\\\/wp-content\\\/uploads\\\/2023\\\/05\\\/etoile.png\",\"contentUrl\":\"https:\\\/\\\/www.anett.fr\\\/wp-content\\\/uploads\\\/2023\\\/05\\\/etoile.png\"},{\"@type\":\"BreadcrumbList\",\"@id\":\"https:\\\/\\\/www.anett.fr\\\/index.php\\\/decouvrir-anett\\\/certifications-preuves-dexcellence\\\/#breadcrumb\",\"itemListElement\":[{\"@type\":\"ListItem\",\"position\":1,\"name\":\"Accueil\",\"item\":\"https:\\\/\\\/www.anett.fr\\\/index.php\\\/\"},{\"@type\":\"ListItem\",\"position\":2,\"name\":\"D\u00e9couvrir Anett\",\"item\":\"https:\\\/\\\/www.anett.fr\\\/index.php\\\/decouvrir-anett\\\/\"},{\"@type\":\"ListItem\",\"position\":3,\"name\":\"Certifications, preuves d&rsquo;excellence\"}]},{\"@type\":\"WebSite\",\"@id\":\"https:\\\/\\\/www.anett.fr\\\/index.php\\\/#website\",\"url\":\"https:\\\/\\\/www.anett.fr\\\/index.php\\\/\",\"name\":\"Anett\",\"description\":\"Nous portons chaque jour les valeurs de notre engagement\",\"publisher\":{\"@id\":\"https:\\\/\\\/www.anett.fr\\\/index.php\\\/#organization\"},\"alternateName\":\"Anett, Diff\u00e9rents par Nature\",\"potentialAction\":[{\"@type\":\"SearchAction\",\"target\":{\"@type\":\"EntryPoint\",\"urlTemplate\":\"https:\\\/\\\/www.anett.fr\\\/index.php\\\/?s={search_term_string}\"},\"query-input\":{\"@type\":\"PropertyValueSpecification\",\"valueRequired\":true,\"valueName\":\"search_term_string\"}}],\"inLanguage\":\"fr-FR\"},{\"@type\":\"Organization\",\"@id\":\"https:\\\/\\\/www.anett.fr\\\/index.php\\\/#organization\",\"name\":\"Anett\",\"alternateName\":\"Anett, Diff\u00e9rents par Nature\",\"url\":\"https:\\\/\\\/www.anett.fr\\\/index.php\\\/\",\"logo\":{\"@type\":\"ImageObject\",\"inLanguage\":\"fr-FR\",\"@id\":\"https:\\\/\\\/www.anett.fr\\\/index.php\\\/#\\\/schema\\\/logo\\\/image\\\/\",\"url\":\"https:\\\/\\\/www.anett.fr\\\/wp-content\\\/uploads\\\/2024\\\/02\\\/logo-anett-2024.png\",\"contentUrl\":\"https:\\\/\\\/www.anett.fr\\\/wp-content\\\/uploads\\\/2024\\\/02\\\/logo-anett-2024.png\",\"width\":696,\"height\":696,\"caption\":\"Anett\"},\"image\":{\"@id\":\"https:\\\/\\\/www.anett.fr\\\/index.php\\\/#\\\/schema\\\/logo\\\/image\\\/\"},\"sameAs\":[\"https:\\\/\\\/www.facebook.com\\\/profile.php?id=100065673331976\",\"https:\\\/\\\/www.linkedin.com\\\/company\\\/anett\\\/\"]}]}<\/script>\n<!-- \/ Yoast SEO plugin. -->","yoast_head_json":{"title":"Certifications, preuves d'excellence - Anett","description":"Les certifications et les engagements d\u2019Anett, t\u00e9moignent d\u2019une d\u00e9marche envers un avenir plus durable, elle ne se limite pas \u00e0 de simples mots, mais se manifeste \u00e0 travers des actions concr\u00e8tes et les certifications en sont la preuve.","robots":{"index":"index","follow":"follow","max-snippet":"max-snippet:-1","max-image-preview":"max-image-preview:large","max-video-preview":"max-video-preview:-1"},"canonical":"https:\/\/www.anett.fr\/index.php\/decouvrir-anett\/certifications-preuves-dexcellence\/","og_locale":"fr_FR","og_type":"article","og_title":"Certifications, preuves d'excellence - Anett","og_description":"Les certifications et les engagements d\u2019Anett, t\u00e9moignent d\u2019une d\u00e9marche envers un avenir plus durable, elle ne se limite pas \u00e0 de simples mots, mais se manifeste \u00e0 travers des actions concr\u00e8tes et les certifications en sont la preuve.","og_url":"https:\/\/www.anett.fr\/index.php\/decouvrir-anett\/certifications-preuves-dexcellence\/","og_site_name":"Anett","article_publisher":"https:\/\/www.facebook.com\/profile.php?id=100065673331976","article_modified_time":"2026-02-13T14:24:00+00:00","og_image":[{"url":"https:\/\/www.anett.fr\/wp-content\/uploads\/2023\/05\/etoile.png","type":"","width":"","height":""}],"twitter_card":"summary_large_image","twitter_misc":{"Dur\u00e9e de lecture estim\u00e9e":"5 minutes"},"schema":{"@context":"https:\/\/schema.org","@graph":[{"@type":"WebPage","@id":"https:\/\/www.anett.fr\/index.php\/decouvrir-anett\/certifications-preuves-dexcellence\/","url":"https:\/\/www.anett.fr\/index.php\/decouvrir-anett\/certifications-preuves-dexcellence\/","name":"Certifications, preuves d'excellence - Anett","isPartOf":{"@id":"https:\/\/www.anett.fr\/index.php\/#website"},"primaryImageOfPage":{"@id":"https:\/\/www.anett.fr\/index.php\/decouvrir-anett\/certifications-preuves-dexcellence\/#primaryimage"},"image":{"@id":"https:\/\/www.anett.fr\/index.php\/decouvrir-anett\/certifications-preuves-dexcellence\/#primaryimage"},"thumbnailUrl":"https:\/\/www.anett.fr\/wp-content\/uploads\/2023\/05\/etoile.png","datePublished":"2023-10-04T15:21:15+00:00","dateModified":"2026-02-13T14:24:00+00:00","description":"Les certifications et les engagements d\u2019Anett, t\u00e9moignent d\u2019une d\u00e9marche envers un avenir plus durable, elle ne se limite pas \u00e0 de simples mots, mais se manifeste \u00e0 travers des actions concr\u00e8tes et les certifications en sont la preuve.","breadcrumb":{"@id":"https:\/\/www.anett.fr\/index.php\/decouvrir-anett\/certifications-preuves-dexcellence\/#breadcrumb"},"inLanguage":"fr-FR","potentialAction":[{"@type":"ReadAction","target":["https:\/\/www.anett.fr\/index.php\/decouvrir-anett\/certifications-preuves-dexcellence\/"]}]},{"@type":"ImageObject","inLanguage":"fr-FR","@id":"https:\/\/www.anett.fr\/index.php\/decouvrir-anett\/certifications-preuves-dexcellence\/#primaryimage","url":"https:\/\/www.anett.fr\/wp-content\/uploads\/2023\/05\/etoile.png","contentUrl":"https:\/\/www.anett.fr\/wp-content\/uploads\/2023\/05\/etoile.png"},{"@type":"BreadcrumbList","@id":"https:\/\/www.anett.fr\/index.php\/decouvrir-anett\/certifications-preuves-dexcellence\/#breadcrumb","itemListElement":[{"@type":"ListItem","position":1,"name":"Accueil","item":"https:\/\/www.anett.fr\/index.php\/"},{"@type":"ListItem","position":2,"name":"D\u00e9couvrir Anett","item":"https:\/\/www.anett.fr\/index.php\/decouvrir-anett\/"},{"@type":"ListItem","position":3,"name":"Certifications, preuves d&rsquo;excellence"}]},{"@type":"WebSite","@id":"https:\/\/www.anett.fr\/index.php\/#website","url":"https:\/\/www.anett.fr\/index.php\/","name":"Anett","description":"Nous portons chaque jour les valeurs de notre engagement","publisher":{"@id":"https:\/\/www.anett.fr\/index.php\/#organization"},"alternateName":"Anett, Diff\u00e9rents par Nature","potentialAction":[{"@type":"SearchAction","target":{"@type":"EntryPoint","urlTemplate":"https:\/\/www.anett.fr\/index.php\/?s={search_term_string}"},"query-input":{"@type":"PropertyValueSpecification","valueRequired":true,"valueName":"search_term_string"}}],"inLanguage":"fr-FR"},{"@type":"Organization","@id":"https:\/\/www.anett.fr\/index.php\/#organization","name":"Anett","alternateName":"Anett, Diff\u00e9rents par Nature","url":"https:\/\/www.anett.fr\/index.php\/","logo":{"@type":"ImageObject","inLanguage":"fr-FR","@id":"https:\/\/www.anett.fr\/index.php\/#\/schema\/logo\/image\/","url":"https:\/\/www.anett.fr\/wp-content\/uploads\/2024\/02\/logo-anett-2024.png","contentUrl":"https:\/\/www.anett.fr\/wp-content\/uploads\/2024\/02\/logo-anett-2024.png","width":696,"height":696,"caption":"Anett"},"image":{"@id":"https:\/\/www.anett.fr\/index.php\/#\/schema\/logo\/image\/"},"sameAs":["https:\/\/www.facebook.com\/profile.php?id=100065673331976","https:\/\/www.linkedin.com\/company\/anett\/"]}]}},"_links":{"self":[{"href":"https:\/\/www.anett.fr\/index.php\/wp-json\/wp\/v2\/pages\/1879","targetHints":{"allow":["GET"]}}],"collection":[{"href":"https:\/\/www.anett.fr\/index.php\/wp-json\/wp\/v2\/pages"}],"about":[{"href":"https:\/\/www.anett.fr\/index.php\/wp-json\/wp\/v2\/types\/page"}],"author":[{"embeddable":true,"href":"https:\/\/www.anett.fr\/index.php\/wp-json\/wp\/v2\/users\/5"}],"replies":[{"embeddable":true,"href":"https:\/\/www.anett.fr\/index.php\/wp-json\/wp\/v2\/comments?post=1879"}],"version-history":[{"count":1,"href":"https:\/\/www.anett.fr\/index.php\/wp-json\/wp\/v2\/pages\/1879\/revisions"}],"predecessor-version":[{"id":115676,"href":"https:\/\/www.anett.fr\/index.php\/wp-json\/wp\/v2\/pages\/1879\/revisions\/115676"}],"up":[{"embeddable":true,"href":"https:\/\/www.anett.fr\/index.php\/wp-json\/wp\/v2\/pages\/600"}],"wp:attachment":[{"href":"https:\/\/www.anett.fr\/index.php\/wp-json\/wp\/v2\/media?parent=1879"}],"curies":[{"name":"wp","href":"https:\/\/api.w.org\/{rel}","templated":true}]}}