{"id":765,"date":"2023-05-25T17:12:38","date_gmt":"2023-05-25T15:12:38","guid":{"rendered":"https:\/\/www.anett.fr\/?page_id=765"},"modified":"2024-02-29T16:50:48","modified_gmt":"2024-02-29T15:50:48","slug":"offres-complementaires","status":"publish","type":"page","link":"https:\/\/www.anett.fr\/index.php\/nos-prestations\/offres-complementaires\/","title":{"rendered":"Offres compl\u00e9mentaires"},"content":{"rendered":"\n<h2>\n\t\tNos offres compl\u00e9mentaires\n\t<\/h2>\n\t\t\t\t<img loading=\"lazy\" decoding=\"async\" src=\"https:\/\/www.anett.fr\/wp-content\/uploads\/2023\/05\/etoile.png\" alt=\"etoile\" itemprop=\"image\" height=\"222\" width=\"236\" title=\"etoile\" onerror=\"this.style.display='none'\"  \/>\n<h2>\n\t\tLes petits \u00ab\u00a0+\u00a0\u00bb d&rsquo;Anett\n\t<\/h2>\n\t<p>Que ce soit dans <a href=\"https:\/\/www.anett.fr\/nos-prestations\/industrie\/\" target=\"_blank\" rel=\"noopener\">l&rsquo;industrie<\/a>, <a href=\"https:\/\/www.anett.fr\/nos-prestations\/sante\/\" target=\"_blank\" rel=\"noopener\">la sant\u00e9<\/a>, <a href=\"https:\/\/www.anett.fr\/nos-prestations\/agroalimentaire\/\" target=\"_blank\" rel=\"noopener\">l&rsquo;agroalimentaire<\/a>, <a href=\"https:\/\/www.anett.fr\/nos-prestations\/hotellerie-restauration\/\" target=\"_blank\" rel=\"noopener\">l&rsquo;h\u00f4tellerie ou la restauration<\/a>, les <a href=\"https:\/\/www.anett.fr\/nos-prestations\/collectivite-administrations\/\" target=\"_blank\" rel=\"noopener\">collectivit\u00e9s<\/a>, les commerces&#8230; une bonne hygi\u00e8ne est le pr\u00e9alable \u00e0 toute activit\u00e9.<\/p>\n<p>ANETT fournit des produits et des services pour <strong>am\u00e9liorer l&rsquo;hygi\u00e8ne<\/strong> dans votre \u00e9tablissement et prot\u00e9ger votre personnel et vos clients contre les contaminations.<\/p>\n<p>Votre environnement de travail est <strong>agr\u00e9able et sain<\/strong> !<\/p>\n\t<p>Hygi\u00e8ne des toilettes, lavage des mains, diffuseurs de parfums, tapis anti-salissures, ou fontaines \u00e0 eau, ANETT installe et assure la maintenance de votre mat\u00e9riel.<\/p>\n<p>L&rsquo;approvisionnement est aussi assur\u00e9 par nos agents de distribution. Pas d&rsquo;achat, de stockage, de manutention&#8230; <strong>vous \u00eates serein et vous gagnez du temps<\/strong> !<\/p>\n<p><strong><a href=\"https:\/\/www.anett.fr\/contact\/\" target=\"_blank\" rel=\"noopener\">Contactez-nous<\/a> pour \u00e9tudier ensemble vos besoins en accessoires d&rsquo;hygi\u00e8ne.<\/strong><\/p>\n\t<ul>\n\t\t<li>\t\t\n\t\t\t\t<img decoding=\"async\" src=\"https:\/\/www.anett.fr\/wp-content\/uploads\/2023\/12\/hygiene-toilette.png\" alt=\"hygiene-toilette\" title=\"hygiene-toilette\" itemprop=\"image\"\/>\n\t\t<h3>Hygi\u00e8ne des toilettes<\/h3><\/li>\t<\/ul>\n\t<ul>\n\t\t<li>\t\t\n\t\t\t\t<img decoding=\"async\" src=\"https:\/\/www.anett.fr\/wp-content\/uploads\/2023\/12\/lavage-main.png\" alt=\"lavage-main\" title=\"lavage-main\" itemprop=\"image\"\/>\n\t\t<h3>Lavage des mains<\/h3><\/li>\t<\/ul>\n\t<ul>\n\t\t<li>\t\t\n\t\t\t\t<img decoding=\"async\" src=\"https:\/\/www.anett.fr\/wp-content\/uploads\/2023\/12\/parfum.png\" alt=\"parfum\" title=\"parfum\" itemprop=\"image\"\/>\n\t\t<h3>Diffuseurs de parfums<\/h3><\/li>\t<\/ul>\n\t<ul>\n\t\t<li>\t\t\n\t\t\t\t<img decoding=\"async\" src=\"https:\/\/www.anett.fr\/wp-content\/uploads\/2023\/12\/tapis.png\" alt=\"tapis\" title=\"tapis\" itemprop=\"image\"\/>\n\t\t<h3>Tapis anti-salissures<\/h3><\/li>\t<\/ul>\n\t<ul>\n\t\t<li>\t\t\n\t\t\t\t<img decoding=\"async\" src=\"https:\/\/www.anett.fr\/wp-content\/uploads\/2023\/12\/fontaine-eau.png\" alt=\"fontaine-eau\" title=\"fontaine-eau\" itemprop=\"image\"\/>\n\t\t<h3>Fontaines \u00e0 eau<\/h3><\/li>\t<\/ul>\n\t<ul>\n\t\t<li>\t\t\n\t\t\t\t<img decoding=\"async\" src=\"https:\/\/www.anett.fr\/wp-content\/uploads\/2023\/12\/maintenance.png\" alt=\"maintenance\" title=\"maintenance\" itemprop=\"image\"\/>\n\t\t<h3>Installation &#038; maintenance<\/h3><\/li>\t<\/ul>\n\t\t\t\t<img loading=\"lazy\" decoding=\"async\" src=\"https:\/\/www.anett.fr\/wp-content\/uploads\/2023\/05\/vous-avez-une-question.png\" alt=\"vous-avez-une-question\" itemprop=\"image\" height=\"136\" width=\"272\" title=\"vous-avez-une-question\" onerror=\"this.style.display='none'\"  \/>\n<h2>\n\t\tVous avez une question ?\n\t<\/h2>\n\t\t\t<a href=\"https:\/\/www.anett.fr\/contact\/\" target=\"_self\" role=\"button\" aria-label=\"&lt;span class=&quot;nowrap&quot;&gt;Rencontrons-nous !&lt;\/span&gt;\" rel=\"noopener\">\n\t\t\t\t\t\t\tRencontrons-nous !\n\t\t<\/a>\n<h2>\n\t\tNos clients parlent de  nous !\n\t<\/h2>\n\t<meta itemscope itemprop=\"mainEntityOfPage\" itemtype=\"https:\/\/schema.org\/WebPage\" itemid=\"https:\/\/www.anett.fr\/temoignage\/temoignage-2\/\" content=\"T\u00e9moignage 2\" \/><meta itemprop=\"datePublished\" content=\"2023-10-31\" \/><meta itemprop=\"dateModified\" content=\"2024-02-27\" \/><meta itemprop=\"name\" content=\"Anett\"\/><meta itemprop=\"url\" content=\"https:\/\/www.anett.fr\/author\/maelyss\/\" \/><meta itemprop=\"name\" content=\"Maelyss Berteaud\" \/><meta itemprop=\"interactionType\" content=\"https:\/\/schema.org\/CommentAction\" \/><meta itemprop=\"userInteractionCount\" content=\"0\" \/>\n    \t<img decoding=\"async\" src=\"https:\/\/www.anett.fr\/wp-content\/uploads\/2024\/02\/5-etoiles-anett.png\" title=\"5-etoiles-anett\" \/>\n    \t<p>\u00c9quipe r\u00e9active et \u00e0 l&#8217;\u00e9coute. Lorsqu&#8217;il y a des anomalies, ils font le n\u00e9cessaire rapidement.<\/p>\n    \tAgroalimentaire\n\t<meta itemscope itemprop=\"mainEntityOfPage\" itemtype=\"https:\/\/schema.org\/WebPage\" itemid=\"https:\/\/www.anett.fr\/temoignage\/temoignage-20\/\" content=\"T\u00e9moignage 20\" \/><meta itemprop=\"datePublished\" content=\"2023-10-19\" \/><meta itemprop=\"dateModified\" content=\"2024-02-27\" \/><meta itemprop=\"name\" content=\"Anett\"\/><meta itemprop=\"url\" content=\"https:\/\/www.anett.fr\/author\/maelyss\/\" \/><meta itemprop=\"name\" content=\"Maelyss Berteaud\" \/><meta itemprop=\"interactionType\" content=\"https:\/\/schema.org\/CommentAction\" \/><meta itemprop=\"userInteractionCount\" content=\"0\" \/>\n    \t<img decoding=\"async\" src=\"https:\/\/www.anett.fr\/wp-content\/uploads\/2024\/02\/5-etoiles-anett.png\" title=\"5-etoiles-anett\" \/>\n    \t<p>Nous sommes tr\u00e8s satisfaits de la prestation dans l&#8217;ensemble. Les contacts avec nos diff\u00e9rents interlocuteurs, nous permettent une fluidit\u00e9 dans l&#8217;\u00e9change et une relation de confiance.<\/p>\n    \tSant\u00e9\n\t<meta itemscope itemprop=\"mainEntityOfPage\" itemtype=\"https:\/\/schema.org\/WebPage\" itemid=\"https:\/\/www.anett.fr\/temoignage\/temoignage-19\/\" content=\"T\u00e9moignage 19\" \/><meta itemprop=\"datePublished\" content=\"2023-10-19\" \/><meta itemprop=\"dateModified\" content=\"2024-02-27\" \/><meta itemprop=\"name\" content=\"Anett\"\/><meta itemprop=\"url\" content=\"https:\/\/www.anett.fr\/author\/maelyss\/\" \/><meta itemprop=\"name\" content=\"Maelyss Berteaud\" \/><meta itemprop=\"interactionType\" content=\"https:\/\/schema.org\/CommentAction\" \/><meta itemprop=\"userInteractionCount\" content=\"0\" \/>\n    \t<img decoding=\"async\" src=\"https:\/\/www.anett.fr\/wp-content\/uploads\/2024\/02\/5-etoiles-anett.png\" title=\"5-etoiles-anett\" \/>\n    \t<p>La relation client est l&#8217;un des points forts d&#8217;Anett, ce qui se ressent dans la qualit\u00e9 des \u00e9changes avec le service client et commercial.<\/p>\n    \tSant\u00e9\n\t<meta itemscope itemprop=\"mainEntityOfPage\" itemtype=\"https:\/\/schema.org\/WebPage\" itemid=\"https:\/\/www.anett.fr\/temoignage\/temoignage-18\/\" content=\"T\u00e9moignage 18\" \/><meta itemprop=\"datePublished\" content=\"2023-10-19\" \/><meta itemprop=\"dateModified\" content=\"2024-02-27\" \/><meta itemprop=\"name\" content=\"Anett\"\/><meta itemprop=\"url\" content=\"https:\/\/www.anett.fr\/author\/maelyss\/\" \/><meta itemprop=\"name\" content=\"Maelyss Berteaud\" \/><meta itemprop=\"interactionType\" content=\"https:\/\/schema.org\/CommentAction\" \/><meta itemprop=\"userInteractionCount\" content=\"0\" \/>\n    \t<img decoding=\"async\" src=\"https:\/\/www.anett.fr\/wp-content\/uploads\/2024\/02\/5-etoiles-anett.png\" title=\"5-etoiles-anett\" \/>\n    \t<p>Anett c&#8217;est une entreprise d&#8217;origine familiale qui a grandi, qui a eu raison de se diversifier dans le sanitaire, le social, qui sait r\u00e9pondre \u00e0 des demandes particuli\u00e8res, avec des valeurs sociales et environnementales. Les choses sont g\u00e9r\u00e9es rapidement et avec souplesse.<\/p>\n    \tSant\u00e9\n\t<meta itemscope itemprop=\"mainEntityOfPage\" itemtype=\"https:\/\/schema.org\/WebPage\" itemid=\"https:\/\/www.anett.fr\/temoignage\/temoignage-17\/\" content=\"T\u00e9moignage 17\" \/><meta itemprop=\"datePublished\" content=\"2023-10-19\" \/><meta itemprop=\"dateModified\" content=\"2024-02-27\" \/><meta itemprop=\"name\" content=\"Anett\"\/><meta itemprop=\"url\" content=\"https:\/\/www.anett.fr\/author\/maelyss\/\" \/><meta itemprop=\"name\" content=\"Maelyss Berteaud\" \/><meta itemprop=\"interactionType\" content=\"https:\/\/schema.org\/CommentAction\" \/><meta itemprop=\"userInteractionCount\" content=\"0\" \/>\n    \t<img decoding=\"async\" src=\"https:\/\/www.anett.fr\/wp-content\/uploads\/2024\/02\/5-etoiles-anett.png\" title=\"5-etoiles-anett\" \/>\n    \t<p>Entreprise familiale comme la n\u00f4tre, Anett sait r\u00e9pondre \u00e0 nos demandes. Nous recommandons Anett en toute confiance et nous donnons une mention sp\u00e9ciale au chauffeur qui est au top.<\/p>\n    \tM\u00e9tiers de bouche\n\t<meta itemscope itemprop=\"mainEntityOfPage\" itemtype=\"https:\/\/schema.org\/WebPage\" itemid=\"https:\/\/www.anett.fr\/temoignage\/temoignage-16\/\" content=\"T\u00e9moignage 16\" \/><meta itemprop=\"datePublished\" content=\"2023-10-19\" \/><meta itemprop=\"dateModified\" content=\"2024-02-27\" \/><meta itemprop=\"name\" content=\"Anett\"\/><meta itemprop=\"url\" content=\"https:\/\/www.anett.fr\/author\/maelyss\/\" \/><meta itemprop=\"name\" content=\"Maelyss Berteaud\" \/><meta itemprop=\"interactionType\" content=\"https:\/\/schema.org\/CommentAction\" \/><meta itemprop=\"userInteractionCount\" content=\"0\" \/>\n    \t<img decoding=\"async\" src=\"https:\/\/www.anett.fr\/wp-content\/uploads\/2024\/02\/5-etoiles-anett.png\" title=\"5-etoiles-anett\" \/>\n    \t<p>Nous avons de tr\u00e8s bonnes relations avec les diff\u00e9rents interlocuteurs et nous appr\u00e9cions la r\u00e9activit\u00e9 du service client, qui est primordiale pour notre secteur d&#8217;activit\u00e9. L&#8217;\u00e9coute, la transparence et la proximit\u00e9 sont des valeurs que nous partageons.<\/p>\n    \tM\u00e9tiers de bouche\n<h2>\n\t\tNotre vision de la relation client\n\t<\/h2>\n\t\t\t<a href=\"https:\/\/www.anett.fr\/decouvrir-anett\/le-service-client-notre-priorite\/\" target=\"_self\" role=\"button\" aria-label=\"D\u00e9couvrir\" rel=\"noopener\">\n\t\t\t\t\t\t\tD\u00e9couvrir\n\t\t<\/a>\n<h2>\n\t\t<a href=\"https:\/\/www.anett.fr\/decouvrir-anett\/conscience-environnementale-le-defi-de-tous-les-jours\/\" title=\"Notre conscience environnementale\" target=\"_self\" rel=\"noopener\">\n\t\tNotre conscience environnementale\n\t\t<\/a>\n\t<\/h2>\n\t\t\t<a href=\"https:\/\/www.anett.fr\/decouvrir-anett\/conscience-environnementale-le-defi-de-tous-les-jours\/\" target=\"_self\" role=\"button\" aria-label=\"D\u00e9couvrir\" rel=\"noopener\">\n\t\t\t\t\t\t\tD\u00e9couvrir\n\t\t<\/a>\n<h2>\n\t\tNos relations <br \/>humaines\n\t<\/h2>\n\t\t\t<a href=\"https:\/\/www.anett.fr\/decouvrir-anett\/lhumain-au-coeur-de-notre-quotidien\/\" target=\"_self\" role=\"button\" aria-label=\"D\u00e9couvrir\" rel=\"noopener\">\n\t\t\t\t\t\t\tD\u00e9couvrir\n\t\t<\/a>\n<h2>\n\t\t<a href=\"https:\/\/www.anett.fr\/decouvrir-anett\/conscience-environnementale-le-defi-de-tous-les-jours\/\" title=\"Notre ancrage &lt;br&gt;territorial\" target=\"_self\" rel=\"noopener\">\n\t\tNotre ancrage <br \/>territorial\n\t\t<\/a>\n\t<\/h2>\n\t\t\t<a href=\"https:\/\/www.anett.fr\/decouvrir-anett\/conscience-environnementale-le-defi-de-tous-les-jours\/\" target=\"_self\" role=\"button\" aria-label=\"D\u00e9couvrir\" rel=\"noopener\">\n\t\t\t\t\t\t\tD\u00e9couvrir\n\t\t<\/a>\n\n","protected":false},"excerpt":{"rendered":"<p>Nos offres compl\u00e9mentaires Les petits \u00ab\u00a0+\u00a0\u00bb d&rsquo;Anett Que ce soit dans l&rsquo;industrie, la sant\u00e9, l&rsquo;agroalimentaire, l&rsquo;h\u00f4tellerie ou la restauration, les collectivit\u00e9s, les commerces&#8230; une bonne hygi\u00e8ne est le pr\u00e9alable \u00e0 toute activit\u00e9. ANETT fournit des produits et des services pour am\u00e9liorer l&rsquo;hygi\u00e8ne dans votre \u00e9tablissement et prot\u00e9ger votre personnel et vos clients contre les contaminations.&hellip;<\/p>\n","protected":false},"author":5,"featured_media":0,"parent":602,"menu_order":0,"comment_status":"closed","ping_status":"closed","template":"","meta":{"footnotes":""},"class_list":["post-765","page","type-page","status-publish","hentry"],"yoast_head":"<!-- This site is optimized with the Yoast SEO plugin v27.5 - https:\/\/yoast.com\/product\/yoast-seo-wordpress\/ -->\n<title>Produits d&#039;hygi\u00e8ne pour professionnels - Anett<\/title>\n<meta name=\"description\" content=\"Anett fournit des produits et des services compl\u00e9mentaires pour am\u00e9liorer l\u2019hygi\u00e8ne dans votre \u00e9tablissement et prot\u00e9ger votre personnel et vos clients contre les contaminations.\" \/>\n<meta name=\"robots\" content=\"index, follow, max-snippet:-1, max-image-preview:large, max-video-preview:-1\" \/>\n<link rel=\"canonical\" href=\"https:\/\/www.anett.fr\/index.php\/nos-prestations\/offres-complementaires\/\" \/>\n<meta property=\"og:locale\" content=\"fr_FR\" \/>\n<meta property=\"og:type\" content=\"article\" \/>\n<meta property=\"og:title\" content=\"Produits d&#039;hygi\u00e8ne pour professionnels - Anett\" \/>\n<meta property=\"og:description\" content=\"Anett fournit des produits et des services compl\u00e9mentaires pour am\u00e9liorer l\u2019hygi\u00e8ne dans votre \u00e9tablissement et prot\u00e9ger votre personnel et vos clients contre les contaminations.\" \/>\n<meta property=\"og:url\" content=\"https:\/\/www.anett.fr\/index.php\/nos-prestations\/offres-complementaires\/\" \/>\n<meta property=\"og:site_name\" content=\"Anett\" \/>\n<meta property=\"article:publisher\" content=\"https:\/\/www.facebook.com\/profile.php?id=100065673331976\" \/>\n<meta property=\"article:modified_time\" content=\"2024-02-29T15:50:48+00:00\" \/>\n<meta property=\"og:image\" content=\"https:\/\/www.anett.fr\/wp-content\/uploads\/2023\/05\/etoile.png\" \/>\n<meta name=\"twitter:card\" content=\"summary_large_image\" \/>\n<meta name=\"twitter:label1\" content=\"Dur\u00e9e de lecture estim\u00e9e\" \/>\n\t<meta name=\"twitter:data1\" content=\"5 minutes\" \/>\n<script type=\"application\/ld+json\" class=\"yoast-schema-graph\">{\"@context\":\"https:\\\/\\\/schema.org\",\"@graph\":[{\"@type\":\"WebPage\",\"@id\":\"https:\\\/\\\/www.anett.fr\\\/index.php\\\/nos-prestations\\\/offres-complementaires\\\/\",\"url\":\"https:\\\/\\\/www.anett.fr\\\/index.php\\\/nos-prestations\\\/offres-complementaires\\\/\",\"name\":\"Produits d'hygi\u00e8ne pour professionnels - Anett\",\"isPartOf\":{\"@id\":\"https:\\\/\\\/www.anett.fr\\\/index.php\\\/#website\"},\"primaryImageOfPage\":{\"@id\":\"https:\\\/\\\/www.anett.fr\\\/index.php\\\/nos-prestations\\\/offres-complementaires\\\/#primaryimage\"},\"image\":{\"@id\":\"https:\\\/\\\/www.anett.fr\\\/index.php\\\/nos-prestations\\\/offres-complementaires\\\/#primaryimage\"},\"thumbnailUrl\":\"https:\\\/\\\/www.anett.fr\\\/wp-content\\\/uploads\\\/2023\\\/05\\\/etoile.png\",\"datePublished\":\"2023-05-25T15:12:38+00:00\",\"dateModified\":\"2024-02-29T15:50:48+00:00\",\"description\":\"Anett fournit des produits et des services compl\u00e9mentaires pour am\u00e9liorer l\u2019hygi\u00e8ne dans votre \u00e9tablissement et prot\u00e9ger votre personnel et vos clients contre les contaminations.\",\"breadcrumb\":{\"@id\":\"https:\\\/\\\/www.anett.fr\\\/index.php\\\/nos-prestations\\\/offres-complementaires\\\/#breadcrumb\"},\"inLanguage\":\"fr-FR\",\"potentialAction\":[{\"@type\":\"ReadAction\",\"target\":[\"https:\\\/\\\/www.anett.fr\\\/index.php\\\/nos-prestations\\\/offres-complementaires\\\/\"]}]},{\"@type\":\"ImageObject\",\"inLanguage\":\"fr-FR\",\"@id\":\"https:\\\/\\\/www.anett.fr\\\/index.php\\\/nos-prestations\\\/offres-complementaires\\\/#primaryimage\",\"url\":\"https:\\\/\\\/www.anett.fr\\\/wp-content\\\/uploads\\\/2023\\\/05\\\/etoile.png\",\"contentUrl\":\"https:\\\/\\\/www.anett.fr\\\/wp-content\\\/uploads\\\/2023\\\/05\\\/etoile.png\"},{\"@type\":\"BreadcrumbList\",\"@id\":\"https:\\\/\\\/www.anett.fr\\\/index.php\\\/nos-prestations\\\/offres-complementaires\\\/#breadcrumb\",\"itemListElement\":[{\"@type\":\"ListItem\",\"position\":1,\"name\":\"Accueil\",\"item\":\"https:\\\/\\\/www.anett.fr\\\/index.php\\\/\"},{\"@type\":\"ListItem\",\"position\":2,\"name\":\"Nos prestations\",\"item\":\"https:\\\/\\\/www.anett.fr\\\/index.php\\\/nos-prestations\\\/\"},{\"@type\":\"ListItem\",\"position\":3,\"name\":\"Offres compl\u00e9mentaires\"}]},{\"@type\":\"WebSite\",\"@id\":\"https:\\\/\\\/www.anett.fr\\\/index.php\\\/#website\",\"url\":\"https:\\\/\\\/www.anett.fr\\\/index.php\\\/\",\"name\":\"Anett\",\"description\":\"Nous portons chaque jour les valeurs de notre engagement\",\"publisher\":{\"@id\":\"https:\\\/\\\/www.anett.fr\\\/index.php\\\/#organization\"},\"alternateName\":\"Anett, Diff\u00e9rents par Nature\",\"potentialAction\":[{\"@type\":\"SearchAction\",\"target\":{\"@type\":\"EntryPoint\",\"urlTemplate\":\"https:\\\/\\\/www.anett.fr\\\/index.php\\\/?s={search_term_string}\"},\"query-input\":{\"@type\":\"PropertyValueSpecification\",\"valueRequired\":true,\"valueName\":\"search_term_string\"}}],\"inLanguage\":\"fr-FR\"},{\"@type\":\"Organization\",\"@id\":\"https:\\\/\\\/www.anett.fr\\\/index.php\\\/#organization\",\"name\":\"Anett\",\"alternateName\":\"Anett, Diff\u00e9rents par Nature\",\"url\":\"https:\\\/\\\/www.anett.fr\\\/index.php\\\/\",\"logo\":{\"@type\":\"ImageObject\",\"inLanguage\":\"fr-FR\",\"@id\":\"https:\\\/\\\/www.anett.fr\\\/index.php\\\/#\\\/schema\\\/logo\\\/image\\\/\",\"url\":\"https:\\\/\\\/www.anett.fr\\\/wp-content\\\/uploads\\\/2024\\\/02\\\/logo-anett-2024.png\",\"contentUrl\":\"https:\\\/\\\/www.anett.fr\\\/wp-content\\\/uploads\\\/2024\\\/02\\\/logo-anett-2024.png\",\"width\":696,\"height\":696,\"caption\":\"Anett\"},\"image\":{\"@id\":\"https:\\\/\\\/www.anett.fr\\\/index.php\\\/#\\\/schema\\\/logo\\\/image\\\/\"},\"sameAs\":[\"https:\\\/\\\/www.facebook.com\\\/profile.php?id=100065673331976\",\"https:\\\/\\\/www.linkedin.com\\\/company\\\/anett\\\/\"]}]}<\/script>\n<!-- \/ Yoast SEO plugin. -->","yoast_head_json":{"title":"Produits d'hygi\u00e8ne pour professionnels - Anett","description":"Anett fournit des produits et des services compl\u00e9mentaires pour am\u00e9liorer l\u2019hygi\u00e8ne dans votre \u00e9tablissement et prot\u00e9ger votre personnel et vos clients contre les contaminations.","robots":{"index":"index","follow":"follow","max-snippet":"max-snippet:-1","max-image-preview":"max-image-preview:large","max-video-preview":"max-video-preview:-1"},"canonical":"https:\/\/www.anett.fr\/index.php\/nos-prestations\/offres-complementaires\/","og_locale":"fr_FR","og_type":"article","og_title":"Produits d'hygi\u00e8ne pour professionnels - Anett","og_description":"Anett fournit des produits et des services compl\u00e9mentaires pour am\u00e9liorer l\u2019hygi\u00e8ne dans votre \u00e9tablissement et prot\u00e9ger votre personnel et vos clients contre les contaminations.","og_url":"https:\/\/www.anett.fr\/index.php\/nos-prestations\/offres-complementaires\/","og_site_name":"Anett","article_publisher":"https:\/\/www.facebook.com\/profile.php?id=100065673331976","article_modified_time":"2024-02-29T15:50:48+00:00","og_image":[{"url":"https:\/\/www.anett.fr\/wp-content\/uploads\/2023\/05\/etoile.png","type":"","width":"","height":""}],"twitter_card":"summary_large_image","twitter_misc":{"Dur\u00e9e de lecture estim\u00e9e":"5 minutes"},"schema":{"@context":"https:\/\/schema.org","@graph":[{"@type":"WebPage","@id":"https:\/\/www.anett.fr\/index.php\/nos-prestations\/offres-complementaires\/","url":"https:\/\/www.anett.fr\/index.php\/nos-prestations\/offres-complementaires\/","name":"Produits d'hygi\u00e8ne pour professionnels - Anett","isPartOf":{"@id":"https:\/\/www.anett.fr\/index.php\/#website"},"primaryImageOfPage":{"@id":"https:\/\/www.anett.fr\/index.php\/nos-prestations\/offres-complementaires\/#primaryimage"},"image":{"@id":"https:\/\/www.anett.fr\/index.php\/nos-prestations\/offres-complementaires\/#primaryimage"},"thumbnailUrl":"https:\/\/www.anett.fr\/wp-content\/uploads\/2023\/05\/etoile.png","datePublished":"2023-05-25T15:12:38+00:00","dateModified":"2024-02-29T15:50:48+00:00","description":"Anett fournit des produits et des services compl\u00e9mentaires pour am\u00e9liorer l\u2019hygi\u00e8ne dans votre \u00e9tablissement et prot\u00e9ger votre personnel et vos clients contre les contaminations.","breadcrumb":{"@id":"https:\/\/www.anett.fr\/index.php\/nos-prestations\/offres-complementaires\/#breadcrumb"},"inLanguage":"fr-FR","potentialAction":[{"@type":"ReadAction","target":["https:\/\/www.anett.fr\/index.php\/nos-prestations\/offres-complementaires\/"]}]},{"@type":"ImageObject","inLanguage":"fr-FR","@id":"https:\/\/www.anett.fr\/index.php\/nos-prestations\/offres-complementaires\/#primaryimage","url":"https:\/\/www.anett.fr\/wp-content\/uploads\/2023\/05\/etoile.png","contentUrl":"https:\/\/www.anett.fr\/wp-content\/uploads\/2023\/05\/etoile.png"},{"@type":"BreadcrumbList","@id":"https:\/\/www.anett.fr\/index.php\/nos-prestations\/offres-complementaires\/#breadcrumb","itemListElement":[{"@type":"ListItem","position":1,"name":"Accueil","item":"https:\/\/www.anett.fr\/index.php\/"},{"@type":"ListItem","position":2,"name":"Nos prestations","item":"https:\/\/www.anett.fr\/index.php\/nos-prestations\/"},{"@type":"ListItem","position":3,"name":"Offres compl\u00e9mentaires"}]},{"@type":"WebSite","@id":"https:\/\/www.anett.fr\/index.php\/#website","url":"https:\/\/www.anett.fr\/index.php\/","name":"Anett","description":"Nous portons chaque jour les valeurs de notre engagement","publisher":{"@id":"https:\/\/www.anett.fr\/index.php\/#organization"},"alternateName":"Anett, Diff\u00e9rents par Nature","potentialAction":[{"@type":"SearchAction","target":{"@type":"EntryPoint","urlTemplate":"https:\/\/www.anett.fr\/index.php\/?s={search_term_string}"},"query-input":{"@type":"PropertyValueSpecification","valueRequired":true,"valueName":"search_term_string"}}],"inLanguage":"fr-FR"},{"@type":"Organization","@id":"https:\/\/www.anett.fr\/index.php\/#organization","name":"Anett","alternateName":"Anett, Diff\u00e9rents par Nature","url":"https:\/\/www.anett.fr\/index.php\/","logo":{"@type":"ImageObject","inLanguage":"fr-FR","@id":"https:\/\/www.anett.fr\/index.php\/#\/schema\/logo\/image\/","url":"https:\/\/www.anett.fr\/wp-content\/uploads\/2024\/02\/logo-anett-2024.png","contentUrl":"https:\/\/www.anett.fr\/wp-content\/uploads\/2024\/02\/logo-anett-2024.png","width":696,"height":696,"caption":"Anett"},"image":{"@id":"https:\/\/www.anett.fr\/index.php\/#\/schema\/logo\/image\/"},"sameAs":["https:\/\/www.facebook.com\/profile.php?id=100065673331976","https:\/\/www.linkedin.com\/company\/anett\/"]}]}},"_links":{"self":[{"href":"https:\/\/www.anett.fr\/index.php\/wp-json\/wp\/v2\/pages\/765","targetHints":{"allow":["GET"]}}],"collection":[{"href":"https:\/\/www.anett.fr\/index.php\/wp-json\/wp\/v2\/pages"}],"about":[{"href":"https:\/\/www.anett.fr\/index.php\/wp-json\/wp\/v2\/types\/page"}],"author":[{"embeddable":true,"href":"https:\/\/www.anett.fr\/index.php\/wp-json\/wp\/v2\/users\/5"}],"replies":[{"embeddable":true,"href":"https:\/\/www.anett.fr\/index.php\/wp-json\/wp\/v2\/comments?post=765"}],"version-history":[{"count":0,"href":"https:\/\/www.anett.fr\/index.php\/wp-json\/wp\/v2\/pages\/765\/revisions"}],"up":[{"embeddable":true,"href":"https:\/\/www.anett.fr\/index.php\/wp-json\/wp\/v2\/pages\/602"}],"wp:attachment":[{"href":"https:\/\/www.anett.fr\/index.php\/wp-json\/wp\/v2\/media?parent=765"}],"curies":[{"name":"wp","href":"https:\/\/api.w.org\/{rel}","templated":true}]}}